{"id":100502,"date":"2025-11-12T12:37:08","date_gmt":"2025-11-12T11:37:08","guid":{"rendered":"https:\/\/www.ernstbrunn-apotheke.at\/katalog\/produkt\/dr-hauschka-haarpflege-spuelung-150-ml\/"},"modified":"2025-12-08T21:12:50","modified_gmt":"2025-12-08T20:12:50","slug":"dr-hauschka-haarpflege-spuelung-150-ml","status":"publish","type":"product","link":"https:\/\/www.ernstbrunn-apotheke.at\/katalog\/produkt\/dr-hauschka-haarpflege-spuelung-150-ml\/","title":{"rendered":"Dr. Hauschka Haarpflege Sp\u00fclung 150 ml"},"content":{"rendered":"<p>Dr. Hauschka Haarpflege Sp\u00fclung 150 ml verleiht Glanz und Geschmeidigkeit, ohne zu beschweren. Nach dem Waschen ist Ihr Haar bereit f\u00fcr pflegende Substanzen, die es st\u00e4rken und sch\u00fctzen. Die Dr. Hauschka Haarpflege Sp\u00fclung kombiniert hochwertige pflanzliche \u00d6le mit nat\u00fcrlichen Proteinen und regenerierenden Heilpflanzenausz\u00fcgen. Hinzu kommt Apfelessig, um Kalkreste zu l\u00f6sen und die Haaroberfl\u00e4che zu gl\u00e4tten und damit f\u00fcr Glanz zu sorgen. Die Haapfelgesp\u00fclung von Dr. Hauschka ist ohne Silikone und eignet sich f\u00fcr jedes Haar, besonders f\u00fcr langes, strapaziertes, trockenes oder glanzloses Haar und bei Haarspliss. K\u00e4mm- und Frisierbarkeit wird verbessert, fliegende Haare verhindert. Vanille und wei\u00dfe Bl\u00fcten schenken dem Haar cremigen Duft.<\/p>\n","protected":false},"excerpt":{"rendered":"<p>Dr. Hauschka Haarpflege Sp\u00fclung 150 ml verleiht Glanz und Geschmeidigkeit, ohne zu beschweren. Nach dem Waschen ist Ihr Haar bereit f\u00fcr pflegende Substanzen, die es st\u00e4rken und sch\u00fctzen. Die Dr. Hauschka Haarpflege Sp\u00fclung kombiniert hochwertige pflanzliche \u00d6le mit nat\u00fcrlichen Proteinen und regenerierenden Heilpflanzenausz\u00fcgen. Hinzu kommt Apfelessig, um Kalkreste zu l\u00f6sen und die Haaroberfl\u00e4che zu gl\u00e4tten [&hellip;]<\/p>\n","protected":false},"featured_media":100504,"template":"","meta":{"_acf_changed":false},"product_brand":[679],"product_cat":[792],"product_tag":[],"class_list":{"0":"post-100502","1":"product","2":"type-product","3":"status-publish","4":"has-post-thumbnail","6":"product_brand-dr-hauschka","7":"product_cat-d","8":"pa_packungsgroesse-150ml","10":"first","11":"instock","12":"shipping-taxable","13":"purchasable","14":"product-type-simple"},"acf":[],"_links":{"self":[{"href":"https:\/\/www.ernstbrunn-apotheke.at\/katalog\/wp-json\/wp\/v2\/product\/100502","targetHints":{"allow":["GET"]}}],"collection":[{"href":"https:\/\/www.ernstbrunn-apotheke.at\/katalog\/wp-json\/wp\/v2\/product"}],"about":[{"href":"https:\/\/www.ernstbrunn-apotheke.at\/katalog\/wp-json\/wp\/v2\/types\/product"}],"wp:featuredmedia":[{"embeddable":true,"href":"https:\/\/www.ernstbrunn-apotheke.at\/katalog\/wp-json\/wp\/v2\/media\/100504"}],"wp:attachment":[{"href":"https:\/\/www.ernstbrunn-apotheke.at\/katalog\/wp-json\/wp\/v2\/media?parent=100502"}],"wp:term":[{"taxonomy":"product_brand","embeddable":true,"href":"https:\/\/www.ernstbrunn-apotheke.at\/katalog\/wp-json\/wp\/v2\/product_brand?post=100502"},{"taxonomy":"product_cat","embeddable":true,"href":"https:\/\/www.ernstbrunn-apotheke.at\/katalog\/wp-json\/wp\/v2\/product_cat?post=100502"},{"taxonomy":"product_tag","embeddable":true,"href":"https:\/\/www.ernstbrunn-apotheke.at\/katalog\/wp-json\/wp\/v2\/product_tag?post=100502"}],"curies":[{"name":"wp","href":"https:\/\/api.w.org\/{rel}","templated":true}]}}