{"id":100499,"date":"2025-11-12T12:37:08","date_gmt":"2025-11-12T11:37:08","guid":{"rendered":"https:\/\/www.ernstbrunn-apotheke.at\/katalog\/produkt\/dr-hauschka-shampoo-150-ml\/"},"modified":"2025-12-08T21:12:48","modified_gmt":"2025-12-08T20:12:48","slug":"dr-hauschka-shampoo-150-ml","status":"publish","type":"product","link":"https:\/\/www.ernstbrunn-apotheke.at\/katalog\/produkt\/dr-hauschka-shampoo-150-ml\/","title":{"rendered":"Dr. Hauschka Shampoo 150 ml"},"content":{"rendered":"<p>Die Komposition mit Neem, Rosmarin und Quitte reinigt besonders mild und pflegt bis in die Spitzen. \u00c4therische \u00d6le von Zitrone, Bergamotte und Krauseminze schenken Frische. Ein proteinreicher Kichererbsenauszug pflegt das Haar und sorgt f\u00fcr gute K\u00e4mmbarkeit. Wertvolle Heilpflanzenausz\u00fcge vitalisieren die Kopfhaut. Auch f\u00fcr coloriertes Haar geeignet. Ohne Silikone.<\/p>\n","protected":false},"excerpt":{"rendered":"<p>Die Komposition mit Neem, Rosmarin und Quitte reinigt besonders mild und pflegt bis in die Spitzen. \u00c4therische \u00d6le von Zitrone, Bergamotte und Krauseminze schenken Frische. Ein proteinreicher Kichererbsenauszug pflegt das Haar und sorgt f\u00fcr gute K\u00e4mmbarkeit. Wertvolle Heilpflanzenausz\u00fcge vitalisieren die Kopfhaut. Auch f\u00fcr coloriertes Haar geeignet. Ohne Silikone.<\/p>\n","protected":false},"featured_media":100501,"template":"","meta":{"_acf_changed":false},"product_brand":[679],"product_cat":[792],"product_tag":[],"class_list":{"0":"post-100499","1":"product","2":"type-product","3":"status-publish","4":"has-post-thumbnail","6":"product_brand-dr-hauschka","7":"product_cat-d","8":"pa_packungsgroesse-150ml","10":"first","11":"instock","12":"shipping-taxable","13":"purchasable","14":"product-type-simple"},"acf":[],"_links":{"self":[{"href":"https:\/\/www.ernstbrunn-apotheke.at\/katalog\/wp-json\/wp\/v2\/product\/100499","targetHints":{"allow":["GET"]}}],"collection":[{"href":"https:\/\/www.ernstbrunn-apotheke.at\/katalog\/wp-json\/wp\/v2\/product"}],"about":[{"href":"https:\/\/www.ernstbrunn-apotheke.at\/katalog\/wp-json\/wp\/v2\/types\/product"}],"wp:featuredmedia":[{"embeddable":true,"href":"https:\/\/www.ernstbrunn-apotheke.at\/katalog\/wp-json\/wp\/v2\/media\/100501"}],"wp:attachment":[{"href":"https:\/\/www.ernstbrunn-apotheke.at\/katalog\/wp-json\/wp\/v2\/media?parent=100499"}],"wp:term":[{"taxonomy":"product_brand","embeddable":true,"href":"https:\/\/www.ernstbrunn-apotheke.at\/katalog\/wp-json\/wp\/v2\/product_brand?post=100499"},{"taxonomy":"product_cat","embeddable":true,"href":"https:\/\/www.ernstbrunn-apotheke.at\/katalog\/wp-json\/wp\/v2\/product_cat?post=100499"},{"taxonomy":"product_tag","embeddable":true,"href":"https:\/\/www.ernstbrunn-apotheke.at\/katalog\/wp-json\/wp\/v2\/product_tag?post=100499"}],"curies":[{"name":"wp","href":"https:\/\/api.w.org\/{rel}","templated":true}]}}