{"id":10044,"date":"2025-11-07T14:09:53","date_gmt":"2025-11-07T13:09:53","guid":{"rendered":"https:\/\/www.ernstbrunn-apotheke.at\/katalog\/produkt\/the-nutri-store-mannose-pulver-100-g\/"},"modified":"2025-12-08T13:28:49","modified_gmt":"2025-12-08T12:28:49","slug":"the-nutri-store-mannose-pulver-100-g","status":"publish","type":"product","link":"https:\/\/www.ernstbrunn-apotheke.at\/katalog\/produkt\/the-nutri-store-mannose-pulver-100-g\/","title":{"rendered":"The Nutri Store Mannose Pulver 100 g"},"content":{"rendered":"<p>Mannose Pulver \u2013 Mannose wird aus L\u00e4rchenholz nach einem aufw\u00e4ndigen enzymatischem Verfahren gewonnen. Dabei wird sichergestellt, dass das Produkt frei von unerw\u00fcnschten chemischen R\u00fcckst\u00e4nden ist. Das Pulver enth\u00e4lt keine Zusatzstoffe wie Puffer, Farbstoffe, Konservierungs- und F\u00fcllstoffe.<\/p>\n","protected":false},"excerpt":{"rendered":"<p>Mannose Pulver \u2013 Mannose wird aus L\u00e4rchenholz nach einem aufw\u00e4ndigen enzymatischem Verfahren gewonnen. Dabei wird sichergestellt, dass das Produkt frei von unerw\u00fcnschten chemischen R\u00fcckst\u00e4nden ist. Das Pulver enth\u00e4lt keine Zusatzstoffe wie Puffer, Farbstoffe, Konservierungs- und F\u00fcllstoffe.<\/p>\n","protected":false},"featured_media":10046,"template":"","meta":{"_acf_changed":false},"product_brand":[],"product_cat":[798],"product_tag":[],"class_list":{"0":"post-10044","1":"product","2":"type-product","3":"status-publish","4":"has-post-thumbnail","6":"product_cat-t","7":"pa_packungsgroesse-100g","9":"first","10":"instock","11":"shipping-taxable","12":"purchasable","13":"product-type-simple"},"acf":[],"_links":{"self":[{"href":"https:\/\/www.ernstbrunn-apotheke.at\/katalog\/wp-json\/wp\/v2\/product\/10044","targetHints":{"allow":["GET"]}}],"collection":[{"href":"https:\/\/www.ernstbrunn-apotheke.at\/katalog\/wp-json\/wp\/v2\/product"}],"about":[{"href":"https:\/\/www.ernstbrunn-apotheke.at\/katalog\/wp-json\/wp\/v2\/types\/product"}],"wp:featuredmedia":[{"embeddable":true,"href":"https:\/\/www.ernstbrunn-apotheke.at\/katalog\/wp-json\/wp\/v2\/media\/10046"}],"wp:attachment":[{"href":"https:\/\/www.ernstbrunn-apotheke.at\/katalog\/wp-json\/wp\/v2\/media?parent=10044"}],"wp:term":[{"taxonomy":"product_brand","embeddable":true,"href":"https:\/\/www.ernstbrunn-apotheke.at\/katalog\/wp-json\/wp\/v2\/product_brand?post=10044"},{"taxonomy":"product_cat","embeddable":true,"href":"https:\/\/www.ernstbrunn-apotheke.at\/katalog\/wp-json\/wp\/v2\/product_cat?post=10044"},{"taxonomy":"product_tag","embeddable":true,"href":"https:\/\/www.ernstbrunn-apotheke.at\/katalog\/wp-json\/wp\/v2\/product_tag?post=10044"}],"curies":[{"name":"wp","href":"https:\/\/api.w.org\/{rel}","templated":true}]}}