{"id":100431,"date":"2025-11-12T12:35:07","date_gmt":"2025-11-12T11:35:07","guid":{"rendered":"https:\/\/www.ernstbrunn-apotheke.at\/katalog\/produkt\/zinkletten-verla-orange-tabletten-50-stk\/"},"modified":"2025-12-08T21:12:23","modified_gmt":"2025-12-08T20:12:23","slug":"zinkletten-verla-orange-tabletten-50-stk","status":"publish","type":"product","link":"https:\/\/www.ernstbrunn-apotheke.at\/katalog\/produkt\/zinkletten-verla-orange-tabletten-50-stk\/","title":{"rendered":"Zinkletten Verla Orange Tabletten 50 Stk."},"content":{"rendered":"<p>Zinkletten Verla Orange &#8211; Zink ist integraler Bestandteil von Enzymen, welche teilweise f\u00fcr die RNA- &#038; Proteinsnthese ben\u00f6tigt werden. Zink unterst\u00fctzt die normale Funktion des Immunsystems<\/p>\n","protected":false},"excerpt":{"rendered":"<p>Zinkletten Verla Orange &#8211; Zink ist integraler Bestandteil von Enzymen, welche teilweise f\u00fcr die RNA- &#038; Proteinsnthese ben\u00f6tigt werden. Zink unterst\u00fctzt die normale Funktion des Immunsystems<\/p>\n","protected":false},"featured_media":100433,"template":"","meta":{"_acf_changed":false},"product_brand":[1043],"product_cat":[803],"product_tag":[],"class_list":{"0":"post-100431","1":"product","2":"type-product","3":"status-publish","4":"has-post-thumbnail","6":"product_brand-verla","7":"product_cat-z","8":"pa_packungsgroesse-50-stueck","10":"first","11":"instock","12":"shipping-taxable","13":"purchasable","14":"product-type-simple"},"acf":[],"_links":{"self":[{"href":"https:\/\/www.ernstbrunn-apotheke.at\/katalog\/wp-json\/wp\/v2\/product\/100431","targetHints":{"allow":["GET"]}}],"collection":[{"href":"https:\/\/www.ernstbrunn-apotheke.at\/katalog\/wp-json\/wp\/v2\/product"}],"about":[{"href":"https:\/\/www.ernstbrunn-apotheke.at\/katalog\/wp-json\/wp\/v2\/types\/product"}],"wp:featuredmedia":[{"embeddable":true,"href":"https:\/\/www.ernstbrunn-apotheke.at\/katalog\/wp-json\/wp\/v2\/media\/100433"}],"wp:attachment":[{"href":"https:\/\/www.ernstbrunn-apotheke.at\/katalog\/wp-json\/wp\/v2\/media?parent=100431"}],"wp:term":[{"taxonomy":"product_brand","embeddable":true,"href":"https:\/\/www.ernstbrunn-apotheke.at\/katalog\/wp-json\/wp\/v2\/product_brand?post=100431"},{"taxonomy":"product_cat","embeddable":true,"href":"https:\/\/www.ernstbrunn-apotheke.at\/katalog\/wp-json\/wp\/v2\/product_cat?post=100431"},{"taxonomy":"product_tag","embeddable":true,"href":"https:\/\/www.ernstbrunn-apotheke.at\/katalog\/wp-json\/wp\/v2\/product_tag?post=100431"}],"curies":[{"name":"wp","href":"https:\/\/api.w.org\/{rel}","templated":true}]}}