{"id":100342,"date":"2025-11-12T12:33:34","date_gmt":"2025-11-12T11:33:34","guid":{"rendered":"https:\/\/www.ernstbrunn-apotheke.at\/katalog\/produkt\/orthomol-hair-intense-kapseln-60-stk\/"},"modified":"2025-12-08T21:11:54","modified_gmt":"2025-12-08T20:11:54","slug":"orthomol-hair-intense-kapseln-60-stk","status":"publish","type":"product","link":"https:\/\/www.ernstbrunn-apotheke.at\/katalog\/produkt\/orthomol-hair-intense-kapseln-60-stk\/","title":{"rendered":"Orthomol Hair Intense Kapseln 60 Stk."},"content":{"rendered":"<p>Orthomol Hair Intense ist ein Nahrungserg\u00e4nzungsmittel. Wichtige Mikron\u00e4hrstoffe f\u00fcr das Haar. Biotin, Selen und Zink tragen zum Erhalt normaler Haare bei. Kupfer tr\u00e4gt zu einer normalen Haarpigmentierung bei.Zink, Kupfer und Selen tragen dazu bei, die Zellen vor oxidativem Stress zu sch\u00fctzen. Thiamin (Vitamin B1), Vitamin B6, Vitamin B12, Biotin, Pantothens\u00e4ure und Kupfer tragen zu einem normalen Energiestoffwechsel bei. Vitamin B6 tr\u00e4gt zur normalen Cystein-Syn-these bei. Pantothens\u00e4ure tr\u00e4gt zur normalen Synthese und zum normalen Stoffwechsel von Steroidhormonen, Vitamin D und einigen Neurotransmittern bei. Unsere Haare sind nicht nur Ausdruck f\u00fcr Attraktivit\u00e4t, Sch\u00f6nheit und Gesundheit, sondern auch lebender Bestandteil unseres K\u00f6rpers.F\u00fcr uns \u00e4u\u00dferlich sichtbar ist nur der Haarschaft, der aus der Haut herausragt. Der Haarschaft ist \u00fcber die Haarwurzel fest in der Haut verankert. Jedes Haar weist einen charakteristischen Wachstumszyklus auf, der aus drei aufeinanderfolgenden Phasen besteht: der Wachstumsphase (anagene Phase), der \u00dcbergangsphase (katagene Phase) und der Ruhephase (telogene Phase). Anschlie\u00dfend beginnt der neue Zyklus mit dem Aufbau eines neuen Haares.<\/p>\n","protected":false},"excerpt":{"rendered":"<p>Orthomol Hair Intense ist ein Nahrungserg\u00e4nzungsmittel. Wichtige Mikron\u00e4hrstoffe f\u00fcr das Haar. Biotin, Selen und Zink tragen zum Erhalt normaler Haare bei. Kupfer tr\u00e4gt zu einer normalen Haarpigmentierung bei.Zink, Kupfer und Selen tragen dazu bei, die Zellen vor oxidativem Stress zu sch\u00fctzen. Thiamin (Vitamin B1), Vitamin B6, Vitamin B12, Biotin, Pantothens\u00e4ure und Kupfer tragen zu einem [&hellip;]<\/p>\n","protected":false},"featured_media":100344,"template":"","meta":{"_acf_changed":false},"product_brand":[387],"product_cat":[819],"product_tag":[],"class_list":{"0":"post-100342","1":"product","2":"type-product","3":"status-publish","4":"has-post-thumbnail","6":"product_brand-orthomol","7":"product_cat-o","8":"pa_packungsgroesse-60-stueck","10":"first","11":"instock","12":"shipping-taxable","13":"purchasable","14":"product-type-simple"},"acf":[],"_links":{"self":[{"href":"https:\/\/www.ernstbrunn-apotheke.at\/katalog\/wp-json\/wp\/v2\/product\/100342","targetHints":{"allow":["GET"]}}],"collection":[{"href":"https:\/\/www.ernstbrunn-apotheke.at\/katalog\/wp-json\/wp\/v2\/product"}],"about":[{"href":"https:\/\/www.ernstbrunn-apotheke.at\/katalog\/wp-json\/wp\/v2\/types\/product"}],"wp:featuredmedia":[{"embeddable":true,"href":"https:\/\/www.ernstbrunn-apotheke.at\/katalog\/wp-json\/wp\/v2\/media\/100344"}],"wp:attachment":[{"href":"https:\/\/www.ernstbrunn-apotheke.at\/katalog\/wp-json\/wp\/v2\/media?parent=100342"}],"wp:term":[{"taxonomy":"product_brand","embeddable":true,"href":"https:\/\/www.ernstbrunn-apotheke.at\/katalog\/wp-json\/wp\/v2\/product_brand?post=100342"},{"taxonomy":"product_cat","embeddable":true,"href":"https:\/\/www.ernstbrunn-apotheke.at\/katalog\/wp-json\/wp\/v2\/product_cat?post=100342"},{"taxonomy":"product_tag","embeddable":true,"href":"https:\/\/www.ernstbrunn-apotheke.at\/katalog\/wp-json\/wp\/v2\/product_tag?post=100342"}],"curies":[{"name":"wp","href":"https:\/\/api.w.org\/{rel}","templated":true}]}}