{"id":100334,"date":"2025-11-12T12:33:26","date_gmt":"2025-11-12T11:33:26","guid":{"rendered":"https:\/\/www.ernstbrunn-apotheke.at\/katalog\/produkt\/sorry-mom-process-butter-200-ml\/"},"modified":"2025-12-08T21:11:49","modified_gmt":"2025-12-08T20:11:49","slug":"sorry-mom-process-butter-200-ml","status":"publish","type":"product","link":"https:\/\/www.ernstbrunn-apotheke.at\/katalog\/produkt\/sorry-mom-process-butter-200-ml\/","title":{"rendered":"SORRY MOM Process Butter 200 ml"},"content":{"rendered":"<p>SORRY MOM Process Butter beruhigt die Haut, reduziert R\u00f6tungen und f\u00f6rdert die Regeneration. F\u00fcr weiche Haut und perfekte Ergebnisse.<\/p>\n","protected":false},"excerpt":{"rendered":"<p>SORRY MOM Process Butter beruhigt die Haut, reduziert R\u00f6tungen und f\u00f6rdert die Regeneration. F\u00fcr weiche Haut und perfekte Ergebnisse.<\/p>\n","protected":false},"featured_media":0,"template":"","meta":{"_acf_changed":false},"product_brand":[],"product_cat":[791],"product_tag":[],"class_list":{"0":"post-100334","1":"product","2":"type-product","3":"status-publish","5":"product_cat-s","6":"pa_packungsgroesse-200ml","8":"first","9":"instock","10":"shipping-taxable","11":"purchasable","12":"product-type-simple"},"acf":[],"_links":{"self":[{"href":"https:\/\/www.ernstbrunn-apotheke.at\/katalog\/wp-json\/wp\/v2\/product\/100334","targetHints":{"allow":["GET"]}}],"collection":[{"href":"https:\/\/www.ernstbrunn-apotheke.at\/katalog\/wp-json\/wp\/v2\/product"}],"about":[{"href":"https:\/\/www.ernstbrunn-apotheke.at\/katalog\/wp-json\/wp\/v2\/types\/product"}],"wp:attachment":[{"href":"https:\/\/www.ernstbrunn-apotheke.at\/katalog\/wp-json\/wp\/v2\/media?parent=100334"}],"wp:term":[{"taxonomy":"product_brand","embeddable":true,"href":"https:\/\/www.ernstbrunn-apotheke.at\/katalog\/wp-json\/wp\/v2\/product_brand?post=100334"},{"taxonomy":"product_cat","embeddable":true,"href":"https:\/\/www.ernstbrunn-apotheke.at\/katalog\/wp-json\/wp\/v2\/product_cat?post=100334"},{"taxonomy":"product_tag","embeddable":true,"href":"https:\/\/www.ernstbrunn-apotheke.at\/katalog\/wp-json\/wp\/v2\/product_tag?post=100334"}],"curies":[{"name":"wp","href":"https:\/\/api.w.org\/{rel}","templated":true}]}}