{"id":100328,"date":"2025-11-12T12:33:26","date_gmt":"2025-11-12T11:33:26","guid":{"rendered":"https:\/\/www.ernstbrunn-apotheke.at\/katalog\/produkt\/sorry-mom-tattoo-body-wash-250-ml\/"},"modified":"2025-12-08T21:11:44","modified_gmt":"2025-12-08T20:11:44","slug":"sorry-mom-tattoo-body-wash-250-ml","status":"publish","type":"product","link":"https:\/\/www.ernstbrunn-apotheke.at\/katalog\/produkt\/sorry-mom-tattoo-body-wash-250-ml\/","title":{"rendered":"SORRY MOM Tattoo Body Wash 250 ml"},"content":{"rendered":"<p>SORRY MOM Tattoo Body Wash ist reich an beruhigender Aloe Vera und pflegendem Macadamia-\u00d6l und wurde speziell f\u00fcr frische T\u00e4towierungen entwickelt, eignet sich aber auch zum t\u00e4glichen Gebrauch danach.<\/p>\n","protected":false},"excerpt":{"rendered":"<p>SORRY MOM Tattoo Body Wash ist reich an beruhigender Aloe Vera und pflegendem Macadamia-\u00d6l und wurde speziell f\u00fcr frische T\u00e4towierungen entwickelt, eignet sich aber auch zum t\u00e4glichen Gebrauch danach.<\/p>\n","protected":false},"featured_media":0,"template":"","meta":{"_acf_changed":false},"product_brand":[],"product_cat":[791],"product_tag":[],"class_list":{"0":"post-100328","1":"product","2":"type-product","3":"status-publish","5":"product_cat-s","6":"pa_packungsgroesse-250ml","8":"first","9":"instock","10":"shipping-taxable","11":"purchasable","12":"product-type-simple"},"acf":[],"_links":{"self":[{"href":"https:\/\/www.ernstbrunn-apotheke.at\/katalog\/wp-json\/wp\/v2\/product\/100328","targetHints":{"allow":["GET"]}}],"collection":[{"href":"https:\/\/www.ernstbrunn-apotheke.at\/katalog\/wp-json\/wp\/v2\/product"}],"about":[{"href":"https:\/\/www.ernstbrunn-apotheke.at\/katalog\/wp-json\/wp\/v2\/types\/product"}],"wp:attachment":[{"href":"https:\/\/www.ernstbrunn-apotheke.at\/katalog\/wp-json\/wp\/v2\/media?parent=100328"}],"wp:term":[{"taxonomy":"product_brand","embeddable":true,"href":"https:\/\/www.ernstbrunn-apotheke.at\/katalog\/wp-json\/wp\/v2\/product_brand?post=100328"},{"taxonomy":"product_cat","embeddable":true,"href":"https:\/\/www.ernstbrunn-apotheke.at\/katalog\/wp-json\/wp\/v2\/product_cat?post=100328"},{"taxonomy":"product_tag","embeddable":true,"href":"https:\/\/www.ernstbrunn-apotheke.at\/katalog\/wp-json\/wp\/v2\/product_tag?post=100328"}],"curies":[{"name":"wp","href":"https:\/\/api.w.org\/{rel}","templated":true}]}}