{"id":100324,"date":"2025-11-12T12:33:12","date_gmt":"2025-11-12T11:33:12","guid":{"rendered":"https:\/\/www.ernstbrunn-apotheke.at\/katalog\/produkt\/sorry-mom-tattoo-lotion-40-ml\/"},"modified":"2025-12-08T21:11:42","modified_gmt":"2025-12-08T20:11:42","slug":"sorry-mom-tattoo-lotion-40-ml","status":"publish","type":"product","link":"https:\/\/www.ernstbrunn-apotheke.at\/katalog\/produkt\/sorry-mom-tattoo-lotion-40-ml\/","title":{"rendered":"SORRY MOM Tattoo Lotion 40 ml"},"content":{"rendered":"<p>SORRY MOM Tattoo Lotion ist eine feuchtigkeitsspendende und sch\u00fctzende Lotion f\u00fcr den t\u00e4glichen Gebrauch. Zus\u00e4tzlich enth\u00e4lt das Produkt Vitamin E und pflegt die somit Haut intensiv.<\/p>\n","protected":false},"excerpt":{"rendered":"<p>SORRY MOM Tattoo Lotion ist eine feuchtigkeitsspendende und sch\u00fctzende Lotion f\u00fcr den t\u00e4glichen Gebrauch. Zus\u00e4tzlich enth\u00e4lt das Produkt Vitamin E und pflegt die somit Haut intensiv.<\/p>\n","protected":false},"featured_media":0,"template":"","meta":{"_acf_changed":false},"product_brand":[],"product_cat":[791],"product_tag":[],"class_list":{"0":"post-100324","1":"product","2":"type-product","3":"status-publish","5":"product_cat-s","6":"pa_packungsgroesse-40ml","8":"first","9":"instock","10":"shipping-taxable","11":"purchasable","12":"product-type-simple"},"acf":[],"_links":{"self":[{"href":"https:\/\/www.ernstbrunn-apotheke.at\/katalog\/wp-json\/wp\/v2\/product\/100324","targetHints":{"allow":["GET"]}}],"collection":[{"href":"https:\/\/www.ernstbrunn-apotheke.at\/katalog\/wp-json\/wp\/v2\/product"}],"about":[{"href":"https:\/\/www.ernstbrunn-apotheke.at\/katalog\/wp-json\/wp\/v2\/types\/product"}],"wp:attachment":[{"href":"https:\/\/www.ernstbrunn-apotheke.at\/katalog\/wp-json\/wp\/v2\/media?parent=100324"}],"wp:term":[{"taxonomy":"product_brand","embeddable":true,"href":"https:\/\/www.ernstbrunn-apotheke.at\/katalog\/wp-json\/wp\/v2\/product_brand?post=100324"},{"taxonomy":"product_cat","embeddable":true,"href":"https:\/\/www.ernstbrunn-apotheke.at\/katalog\/wp-json\/wp\/v2\/product_cat?post=100324"},{"taxonomy":"product_tag","embeddable":true,"href":"https:\/\/www.ernstbrunn-apotheke.at\/katalog\/wp-json\/wp\/v2\/product_tag?post=100324"}],"curies":[{"name":"wp","href":"https:\/\/api.w.org\/{rel}","templated":true}]}}