{"id":100322,"date":"2025-11-12T12:33:12","date_gmt":"2025-11-12T11:33:12","guid":{"rendered":"https:\/\/www.ernstbrunn-apotheke.at\/katalog\/produkt\/sorry-mom-tattoo-balm-100-ml\/"},"modified":"2025-12-08T21:11:40","modified_gmt":"2025-12-08T20:11:40","slug":"sorry-mom-tattoo-balm-100-ml","status":"publish","type":"product","link":"https:\/\/www.ernstbrunn-apotheke.at\/katalog\/produkt\/sorry-mom-tattoo-balm-100-ml\/","title":{"rendered":"SORRY MOM Tattoo Balm 100 ml"},"content":{"rendered":"<p>SORRY MOM Tattoo Balm ist ein Regenerationsbalsam, der der Haut eine perfekte Unterst\u00fctzung f\u00fcr den Heilungsprozess bietet. Er wirkt entz\u00fcndungshemmend und beruhigend und hilft Irritationen und Juckreiz vorzubeugen.<\/p>\n","protected":false},"excerpt":{"rendered":"<p>SORRY MOM Tattoo Balm ist ein Regenerationsbalsam, der der Haut eine perfekte Unterst\u00fctzung f\u00fcr den Heilungsprozess bietet. Er wirkt entz\u00fcndungshemmend und beruhigend und hilft Irritationen und Juckreiz vorzubeugen.<\/p>\n","protected":false},"featured_media":0,"template":"","meta":{"_acf_changed":false},"product_brand":[],"product_cat":[791],"product_tag":[],"class_list":{"0":"post-100322","1":"product","2":"type-product","3":"status-publish","5":"product_cat-s","6":"pa_packungsgroesse-100ml","8":"first","9":"instock","10":"shipping-taxable","11":"purchasable","12":"product-type-simple"},"acf":[],"_links":{"self":[{"href":"https:\/\/www.ernstbrunn-apotheke.at\/katalog\/wp-json\/wp\/v2\/product\/100322","targetHints":{"allow":["GET"]}}],"collection":[{"href":"https:\/\/www.ernstbrunn-apotheke.at\/katalog\/wp-json\/wp\/v2\/product"}],"about":[{"href":"https:\/\/www.ernstbrunn-apotheke.at\/katalog\/wp-json\/wp\/v2\/types\/product"}],"wp:attachment":[{"href":"https:\/\/www.ernstbrunn-apotheke.at\/katalog\/wp-json\/wp\/v2\/media?parent=100322"}],"wp:term":[{"taxonomy":"product_brand","embeddable":true,"href":"https:\/\/www.ernstbrunn-apotheke.at\/katalog\/wp-json\/wp\/v2\/product_brand?post=100322"},{"taxonomy":"product_cat","embeddable":true,"href":"https:\/\/www.ernstbrunn-apotheke.at\/katalog\/wp-json\/wp\/v2\/product_cat?post=100322"},{"taxonomy":"product_tag","embeddable":true,"href":"https:\/\/www.ernstbrunn-apotheke.at\/katalog\/wp-json\/wp\/v2\/product_tag?post=100322"}],"curies":[{"name":"wp","href":"https:\/\/api.w.org\/{rel}","templated":true}]}}