{"id":100316,"date":"2025-11-12T12:33:12","date_gmt":"2025-11-12T11:33:12","guid":{"rendered":"https:\/\/www.ernstbrunn-apotheke.at\/katalog\/produkt\/dettol-2in1-desinfektionstuecher-15-stk\/"},"modified":"2025-12-08T21:11:37","modified_gmt":"2025-12-08T20:11:37","slug":"dettol-2in1-desinfektionstuecher-15-stk","status":"publish","type":"product","link":"https:\/\/www.ernstbrunn-apotheke.at\/katalog\/produkt\/dettol-2in1-desinfektionstuecher-15-stk\/","title":{"rendered":"Dettol 2in1 Desinfektionst\u00fccher 15 Stk."},"content":{"rendered":"<p>Dettol 2in1 Desinfektions-T\u00fccher sind der ideale Begleiter f\u00fcr hygienische Sauberkeit Unterwegs, denn sie entfernen zuverl\u00e4ssig 99,9 % der Bakterien an H\u00e4nden und verschiedenen Oberfl\u00e4chen. Durch ihre handliche Gr\u00f6\u00dfe sind die T\u00fccher praktisch f\u00fcr Unterwegs. Die samtweichen, frisch duftenden T\u00fccher sind dermatologisch getestet und sanft zur Haut. Erh\u00e4ltlich in einer wiederverschlie\u00dfbaren Packung mit 15 St\u00fcck.<\/p>\n","protected":false},"excerpt":{"rendered":"<p>Dettol 2in1 Desinfektions-T\u00fccher sind der ideale Begleiter f\u00fcr hygienische Sauberkeit Unterwegs, denn sie entfernen zuverl\u00e4ssig 99,9 % der Bakterien an H\u00e4nden und verschiedenen Oberfl\u00e4chen. Durch ihre handliche Gr\u00f6\u00dfe sind die T\u00fccher praktisch f\u00fcr Unterwegs. Die samtweichen, frisch duftenden T\u00fccher sind dermatologisch getestet und sanft zur Haut. Erh\u00e4ltlich in einer wiederverschlie\u00dfbaren Packung mit 15 St\u00fcck.<\/p>\n","protected":false},"featured_media":100318,"template":"","meta":{"_acf_changed":false},"product_brand":[772],"product_cat":[792],"product_tag":[],"class_list":{"0":"post-100316","1":"product","2":"type-product","3":"status-publish","4":"has-post-thumbnail","6":"product_brand-dettol","7":"product_cat-d","8":"pa_packungsgroesse-15-stueck","10":"first","11":"instock","12":"shipping-taxable","13":"purchasable","14":"product-type-simple"},"acf":[],"_links":{"self":[{"href":"https:\/\/www.ernstbrunn-apotheke.at\/katalog\/wp-json\/wp\/v2\/product\/100316","targetHints":{"allow":["GET"]}}],"collection":[{"href":"https:\/\/www.ernstbrunn-apotheke.at\/katalog\/wp-json\/wp\/v2\/product"}],"about":[{"href":"https:\/\/www.ernstbrunn-apotheke.at\/katalog\/wp-json\/wp\/v2\/types\/product"}],"wp:featuredmedia":[{"embeddable":true,"href":"https:\/\/www.ernstbrunn-apotheke.at\/katalog\/wp-json\/wp\/v2\/media\/100318"}],"wp:attachment":[{"href":"https:\/\/www.ernstbrunn-apotheke.at\/katalog\/wp-json\/wp\/v2\/media?parent=100316"}],"wp:term":[{"taxonomy":"product_brand","embeddable":true,"href":"https:\/\/www.ernstbrunn-apotheke.at\/katalog\/wp-json\/wp\/v2\/product_brand?post=100316"},{"taxonomy":"product_cat","embeddable":true,"href":"https:\/\/www.ernstbrunn-apotheke.at\/katalog\/wp-json\/wp\/v2\/product_cat?post=100316"},{"taxonomy":"product_tag","embeddable":true,"href":"https:\/\/www.ernstbrunn-apotheke.at\/katalog\/wp-json\/wp\/v2\/product_tag?post=100316"}],"curies":[{"name":"wp","href":"https:\/\/api.w.org\/{rel}","templated":true}]}}