{"id":100309,"date":"2025-11-12T12:33:03","date_gmt":"2025-11-12T11:33:03","guid":{"rendered":"https:\/\/www.ernstbrunn-apotheke.at\/katalog\/produkt\/pharmos-natur-detoxing-body-oil-63-ml\/"},"modified":"2025-12-08T21:11:33","modified_gmt":"2025-12-08T20:11:33","slug":"pharmos-natur-detoxing-body-oil-63-ml","status":"publish","type":"product","link":"https:\/\/www.ernstbrunn-apotheke.at\/katalog\/produkt\/pharmos-natur-detoxing-body-oil-63-ml\/","title":{"rendered":"PHARMOS NATUR Detoxing Body Oil 63 ml"},"content":{"rendered":"<p>PHARMOS NATUR Detoxing Body Oil ist ein K\u00f6rper \u00d6l mit hautstraffender Wirkung. Das wirkstoffreiche Haut-\u00d6l regeneriert, st\u00e4rkt und vitalisiert die Haut. Es aktiviert den Stoffwechsel und den lebensnotwendigen Lymphfluss, l\u00f6st Ablagerungen in den Geweben und in den Gef\u00e4\u00dfen und f\u00f6rdert die Durchblutung. Mit dem Detox-\u00d6l erh\u00e4lt die Haut neue Elastizit\u00e4t. Gesichts- und K\u00f6rperkonturen wirken klarer. F\u00fcr sch\u00f6ne, feste und glatte Haut.<\/p>\n","protected":false},"excerpt":{"rendered":"<p>PHARMOS NATUR Detoxing Body Oil ist ein K\u00f6rper \u00d6l mit hautstraffender Wirkung. Das wirkstoffreiche Haut-\u00d6l regeneriert, st\u00e4rkt und vitalisiert die Haut. Es aktiviert den Stoffwechsel und den lebensnotwendigen Lymphfluss, l\u00f6st Ablagerungen in den Geweben und in den Gef\u00e4\u00dfen und f\u00f6rdert die Durchblutung. Mit dem Detox-\u00d6l erh\u00e4lt die Haut neue Elastizit\u00e4t. Gesichts- und K\u00f6rperkonturen wirken klarer. [&hellip;]<\/p>\n","protected":false},"featured_media":0,"template":"","meta":{"_acf_changed":false},"product_brand":[],"product_cat":[793],"product_tag":[],"class_list":{"0":"post-100309","1":"product","2":"type-product","3":"status-publish","5":"product_cat-p","6":"pa_packungsgroesse-63ml","8":"first","9":"instock","10":"shipping-taxable","11":"purchasable","12":"product-type-simple"},"acf":[],"_links":{"self":[{"href":"https:\/\/www.ernstbrunn-apotheke.at\/katalog\/wp-json\/wp\/v2\/product\/100309","targetHints":{"allow":["GET"]}}],"collection":[{"href":"https:\/\/www.ernstbrunn-apotheke.at\/katalog\/wp-json\/wp\/v2\/product"}],"about":[{"href":"https:\/\/www.ernstbrunn-apotheke.at\/katalog\/wp-json\/wp\/v2\/types\/product"}],"wp:attachment":[{"href":"https:\/\/www.ernstbrunn-apotheke.at\/katalog\/wp-json\/wp\/v2\/media?parent=100309"}],"wp:term":[{"taxonomy":"product_brand","embeddable":true,"href":"https:\/\/www.ernstbrunn-apotheke.at\/katalog\/wp-json\/wp\/v2\/product_brand?post=100309"},{"taxonomy":"product_cat","embeddable":true,"href":"https:\/\/www.ernstbrunn-apotheke.at\/katalog\/wp-json\/wp\/v2\/product_cat?post=100309"},{"taxonomy":"product_tag","embeddable":true,"href":"https:\/\/www.ernstbrunn-apotheke.at\/katalog\/wp-json\/wp\/v2\/product_tag?post=100309"}],"curies":[{"name":"wp","href":"https:\/\/api.w.org\/{rel}","templated":true}]}}