{"id":100307,"date":"2025-11-12T12:33:03","date_gmt":"2025-11-12T11:33:03","guid":{"rendered":"https:\/\/www.ernstbrunn-apotheke.at\/katalog\/produkt\/pharmos-natur-relax-and-move-oil-63-ml\/"},"modified":"2025-12-08T21:11:32","modified_gmt":"2025-12-08T20:11:32","slug":"pharmos-natur-relax-and-move-oil-63-ml","status":"publish","type":"product","link":"https:\/\/www.ernstbrunn-apotheke.at\/katalog\/produkt\/pharmos-natur-relax-and-move-oil-63-ml\/","title":{"rendered":"PHARMOS NATUR Relax and Move Oil 63 ml"},"content":{"rendered":"<p>PHARMOS NATUR Relax and Move Oil l\u00f6st Verkrampfungen und belebt Muskeln und Gelenke. Zudem sch\u00fctzt, pflegt und regeneriert es die Haut und f\u00f6rdert die Durchblutung. Entspannung pur mit angenehmem Duft.<\/p>\n","protected":false},"excerpt":{"rendered":"<p>PHARMOS NATUR Relax and Move Oil l\u00f6st Verkrampfungen und belebt Muskeln und Gelenke. Zudem sch\u00fctzt, pflegt und regeneriert es die Haut und f\u00f6rdert die Durchblutung. Entspannung pur mit angenehmem Duft.<\/p>\n","protected":false},"featured_media":0,"template":"","meta":{"_acf_changed":false},"product_brand":[],"product_cat":[793],"product_tag":[],"class_list":{"0":"post-100307","1":"product","2":"type-product","3":"status-publish","5":"product_cat-p","6":"pa_packungsgroesse-63ml","8":"first","9":"instock","10":"shipping-taxable","11":"purchasable","12":"product-type-simple"},"acf":[],"_links":{"self":[{"href":"https:\/\/www.ernstbrunn-apotheke.at\/katalog\/wp-json\/wp\/v2\/product\/100307","targetHints":{"allow":["GET"]}}],"collection":[{"href":"https:\/\/www.ernstbrunn-apotheke.at\/katalog\/wp-json\/wp\/v2\/product"}],"about":[{"href":"https:\/\/www.ernstbrunn-apotheke.at\/katalog\/wp-json\/wp\/v2\/types\/product"}],"wp:attachment":[{"href":"https:\/\/www.ernstbrunn-apotheke.at\/katalog\/wp-json\/wp\/v2\/media?parent=100307"}],"wp:term":[{"taxonomy":"product_brand","embeddable":true,"href":"https:\/\/www.ernstbrunn-apotheke.at\/katalog\/wp-json\/wp\/v2\/product_brand?post=100307"},{"taxonomy":"product_cat","embeddable":true,"href":"https:\/\/www.ernstbrunn-apotheke.at\/katalog\/wp-json\/wp\/v2\/product_cat?post=100307"},{"taxonomy":"product_tag","embeddable":true,"href":"https:\/\/www.ernstbrunn-apotheke.at\/katalog\/wp-json\/wp\/v2\/product_tag?post=100307"}],"curies":[{"name":"wp","href":"https:\/\/api.w.org\/{rel}","templated":true}]}}