{"id":100305,"date":"2025-11-12T12:33:03","date_gmt":"2025-11-12T11:33:03","guid":{"rendered":"https:\/\/www.ernstbrunn-apotheke.at\/katalog\/produkt\/pharmos-natur-body-lotion-200-ml\/"},"modified":"2025-12-08T21:11:30","modified_gmt":"2025-12-08T20:11:30","slug":"pharmos-natur-body-lotion-200-ml","status":"publish","type":"product","link":"https:\/\/www.ernstbrunn-apotheke.at\/katalog\/produkt\/pharmos-natur-body-lotion-200-ml\/","title":{"rendered":"PHARMOS NATUR Body Lotion 200 ml"},"content":{"rendered":"<p>Eine wirkstoffreiche Feuchtigkeitspflege f\u00fcr ein unvergleichliches K\u00f6rpergef\u00fchl. Diese rein pflanzliche K\u00f6rperlotion aus Bio Aloe Vera und Jojoba versorgt die Haut mit viel Feuchtigkeit. Die erfrischende K\u00f6rperlotion n\u00e4hrt das Gewebe und macht die Haut sichtbar straffer, elastischer und glatter. Die feuchtigkeitsspendende K\u00f6rperlotion zieht rasch in die Haut ein und fettet nicht. Gesunde Haut bleibt sch\u00f6n, irritierte Haut beruhigt sich und blockierte Lebensenergie beginnt wieder zu flie\u00dfen. Die Haut wird samtig-weich und geschmeidig &#8211; dieses Produkt von PHARMOS NATUR dauerhaft preisreduziert bestellen!<\/p>\n","protected":false},"excerpt":{"rendered":"<p>Eine wirkstoffreiche Feuchtigkeitspflege f\u00fcr ein unvergleichliches K\u00f6rpergef\u00fchl. Diese rein pflanzliche K\u00f6rperlotion aus Bio Aloe Vera und Jojoba versorgt die Haut mit viel Feuchtigkeit. Die erfrischende K\u00f6rperlotion n\u00e4hrt das Gewebe und macht die Haut sichtbar straffer, elastischer und glatter. Die feuchtigkeitsspendende K\u00f6rperlotion zieht rasch in die Haut ein und fettet nicht. Gesunde Haut bleibt sch\u00f6n, irritierte [&hellip;]<\/p>\n","protected":false},"featured_media":0,"template":"","meta":{"_acf_changed":false},"product_brand":[],"product_cat":[793],"product_tag":[],"class_list":{"0":"post-100305","1":"product","2":"type-product","3":"status-publish","5":"product_cat-p","6":"pa_packungsgroesse-200ml","8":"first","9":"instock","10":"shipping-taxable","11":"purchasable","12":"product-type-simple"},"acf":[],"_links":{"self":[{"href":"https:\/\/www.ernstbrunn-apotheke.at\/katalog\/wp-json\/wp\/v2\/product\/100305","targetHints":{"allow":["GET"]}}],"collection":[{"href":"https:\/\/www.ernstbrunn-apotheke.at\/katalog\/wp-json\/wp\/v2\/product"}],"about":[{"href":"https:\/\/www.ernstbrunn-apotheke.at\/katalog\/wp-json\/wp\/v2\/types\/product"}],"wp:attachment":[{"href":"https:\/\/www.ernstbrunn-apotheke.at\/katalog\/wp-json\/wp\/v2\/media?parent=100305"}],"wp:term":[{"taxonomy":"product_brand","embeddable":true,"href":"https:\/\/www.ernstbrunn-apotheke.at\/katalog\/wp-json\/wp\/v2\/product_brand?post=100305"},{"taxonomy":"product_cat","embeddable":true,"href":"https:\/\/www.ernstbrunn-apotheke.at\/katalog\/wp-json\/wp\/v2\/product_cat?post=100305"},{"taxonomy":"product_tag","embeddable":true,"href":"https:\/\/www.ernstbrunn-apotheke.at\/katalog\/wp-json\/wp\/v2\/product_tag?post=100305"}],"curies":[{"name":"wp","href":"https:\/\/api.w.org\/{rel}","templated":true}]}}