{"id":100299,"date":"2025-11-12T12:32:55","date_gmt":"2025-11-12T11:32:55","guid":{"rendered":"https:\/\/www.ernstbrunn-apotheke.at\/katalog\/produkt\/pharmos-natur-vitalizing-oil-30-ml\/"},"modified":"2025-12-08T21:11:26","modified_gmt":"2025-12-08T20:11:26","slug":"pharmos-natur-vitalizing-oil-30-ml","status":"publish","type":"product","link":"https:\/\/www.ernstbrunn-apotheke.at\/katalog\/produkt\/pharmos-natur-vitalizing-oil-30-ml\/","title":{"rendered":"PHARMOS NATUR Vitalizing Oil 30 ml"},"content":{"rendered":"<p>PHARMOS NATUR Vitalizing Oil aus Citrusfr\u00fcchten und Sesam\u00f6l aktiviert, st\u00e4rkt, regeneriert und n\u00e4hrt die Haut. Das hautstraffende Bio Citrus\u00f6l wirkt vorzeitiger Hautalterung entgegen, regt den Hautstoffwechsel an und verbessert die Hautstruktur sichtbar. Die Komposition feiner Citrus\u00f6le gl\u00e4ttet F\u00e4ltchen, strafft das Bindegewebe und pflegt die Haut. Zudem unterst\u00fctzt es die Immunabwehr und belebt die Sinne und verleiht ein entspanntes Hautgef\u00fchl.<\/p>\n","protected":false},"excerpt":{"rendered":"<p>PHARMOS NATUR Vitalizing Oil aus Citrusfr\u00fcchten und Sesam\u00f6l aktiviert, st\u00e4rkt, regeneriert und n\u00e4hrt die Haut. Das hautstraffende Bio Citrus\u00f6l wirkt vorzeitiger Hautalterung entgegen, regt den Hautstoffwechsel an und verbessert die Hautstruktur sichtbar. Die Komposition feiner Citrus\u00f6le gl\u00e4ttet F\u00e4ltchen, strafft das Bindegewebe und pflegt die Haut. Zudem unterst\u00fctzt es die Immunabwehr und belebt die Sinne und [&hellip;]<\/p>\n","protected":false},"featured_media":0,"template":"","meta":{"_acf_changed":false},"product_brand":[],"product_cat":[793],"product_tag":[],"class_list":{"0":"post-100299","1":"product","2":"type-product","3":"status-publish","5":"product_cat-p","6":"pa_packungsgroesse-30ml","8":"first","9":"instock","10":"shipping-taxable","11":"purchasable","12":"product-type-simple"},"acf":[],"_links":{"self":[{"href":"https:\/\/www.ernstbrunn-apotheke.at\/katalog\/wp-json\/wp\/v2\/product\/100299","targetHints":{"allow":["GET"]}}],"collection":[{"href":"https:\/\/www.ernstbrunn-apotheke.at\/katalog\/wp-json\/wp\/v2\/product"}],"about":[{"href":"https:\/\/www.ernstbrunn-apotheke.at\/katalog\/wp-json\/wp\/v2\/types\/product"}],"wp:attachment":[{"href":"https:\/\/www.ernstbrunn-apotheke.at\/katalog\/wp-json\/wp\/v2\/media?parent=100299"}],"wp:term":[{"taxonomy":"product_brand","embeddable":true,"href":"https:\/\/www.ernstbrunn-apotheke.at\/katalog\/wp-json\/wp\/v2\/product_brand?post=100299"},{"taxonomy":"product_cat","embeddable":true,"href":"https:\/\/www.ernstbrunn-apotheke.at\/katalog\/wp-json\/wp\/v2\/product_cat?post=100299"},{"taxonomy":"product_tag","embeddable":true,"href":"https:\/\/www.ernstbrunn-apotheke.at\/katalog\/wp-json\/wp\/v2\/product_tag?post=100299"}],"curies":[{"name":"wp","href":"https:\/\/api.w.org\/{rel}","templated":true}]}}