{"id":100297,"date":"2025-11-12T12:32:55","date_gmt":"2025-11-12T11:32:55","guid":{"rendered":"https:\/\/www.ernstbrunn-apotheke.at\/katalog\/produkt\/pharmos-natur-nourishing-oil-30-ml\/"},"modified":"2025-12-08T21:11:25","modified_gmt":"2025-12-08T20:11:25","slug":"pharmos-natur-nourishing-oil-30-ml","status":"publish","type":"product","link":"https:\/\/www.ernstbrunn-apotheke.at\/katalog\/produkt\/pharmos-natur-nourishing-oil-30-ml\/","title":{"rendered":"PHARMOS NATUR Nourishing Oil 30 ml"},"content":{"rendered":"<p>PHARMOS NATUR Nourishing Oil ist ein n\u00e4hrendes \u00d6l-Serum f\u00fcr eine gesunde und sch\u00f6ne Haut. Es versorgt die Haut mit wertvollen Lipiden und hochwertigen Eiwei\u00dfen, stimuliert die Kollagen- und Elastinproduktion in der Haut und armonisiert die Haut und richtet die Seele auf. F\u00fcr alle Hauttypen geeignet. Ganz besonders f\u00fcr die empfindliche Haut.<\/p>\n","protected":false},"excerpt":{"rendered":"<p>PHARMOS NATUR Nourishing Oil ist ein n\u00e4hrendes \u00d6l-Serum f\u00fcr eine gesunde und sch\u00f6ne Haut. Es versorgt die Haut mit wertvollen Lipiden und hochwertigen Eiwei\u00dfen, stimuliert die Kollagen- und Elastinproduktion in der Haut und armonisiert die Haut und richtet die Seele auf. F\u00fcr alle Hauttypen geeignet. Ganz besonders f\u00fcr die empfindliche Haut.<\/p>\n","protected":false},"featured_media":0,"template":"","meta":{"_acf_changed":false},"product_brand":[],"product_cat":[793],"product_tag":[],"class_list":{"0":"post-100297","1":"product","2":"type-product","3":"status-publish","5":"product_cat-p","6":"pa_packungsgroesse-30ml","8":"first","9":"instock","10":"shipping-taxable","11":"purchasable","12":"product-type-simple"},"acf":[],"_links":{"self":[{"href":"https:\/\/www.ernstbrunn-apotheke.at\/katalog\/wp-json\/wp\/v2\/product\/100297","targetHints":{"allow":["GET"]}}],"collection":[{"href":"https:\/\/www.ernstbrunn-apotheke.at\/katalog\/wp-json\/wp\/v2\/product"}],"about":[{"href":"https:\/\/www.ernstbrunn-apotheke.at\/katalog\/wp-json\/wp\/v2\/types\/product"}],"wp:attachment":[{"href":"https:\/\/www.ernstbrunn-apotheke.at\/katalog\/wp-json\/wp\/v2\/media?parent=100297"}],"wp:term":[{"taxonomy":"product_brand","embeddable":true,"href":"https:\/\/www.ernstbrunn-apotheke.at\/katalog\/wp-json\/wp\/v2\/product_brand?post=100297"},{"taxonomy":"product_cat","embeddable":true,"href":"https:\/\/www.ernstbrunn-apotheke.at\/katalog\/wp-json\/wp\/v2\/product_cat?post=100297"},{"taxonomy":"product_tag","embeddable":true,"href":"https:\/\/www.ernstbrunn-apotheke.at\/katalog\/wp-json\/wp\/v2\/product_tag?post=100297"}],"curies":[{"name":"wp","href":"https:\/\/api.w.org\/{rel}","templated":true}]}}