{"id":100281,"date":"2025-11-12T12:32:39","date_gmt":"2025-11-12T11:32:39","guid":{"rendered":"https:\/\/www.ernstbrunn-apotheke.at\/katalog\/produkt\/pharmos-natur-lip-balm-7-ml\/"},"modified":"2025-12-08T21:11:12","modified_gmt":"2025-12-08T20:11:12","slug":"pharmos-natur-lip-balm-7-ml","status":"publish","type":"product","link":"https:\/\/www.ernstbrunn-apotheke.at\/katalog\/produkt\/pharmos-natur-lip-balm-7-ml\/","title":{"rendered":"PHARMOS NATUR Lip Balm 7 ml"},"content":{"rendered":"<p>PHARMOS NATUR Lip Balm ist eine intensive Lippenpflege mit einem nat\u00fcrlichen Lippen Repair-Komplex. Der Balsam enth\u00e4lt Aloe Vera, Sesam, Avocado-\u00d6l, Jojoba-\u00d6l, Bienenwachs und echtes Rosen-\u00d6l und unterst\u00fctzt die Regeneration gesch\u00e4digter, spr\u00f6der und rissiger Lippen sichtbar und sp\u00fcrbar. Die Lippenpflege spendet sofort intensive Feuchtigkeit, F\u00e4ltchen um die Lippenpartien werden sichtbar reduziert und spr\u00f6de Lippen werden samtig weich. Absolutes Wohlgef\u00fchl f\u00fcr Lippen und Sinne.<\/p>\n","protected":false},"excerpt":{"rendered":"<p>PHARMOS NATUR Lip Balm ist eine intensive Lippenpflege mit einem nat\u00fcrlichen Lippen Repair-Komplex. Der Balsam enth\u00e4lt Aloe Vera, Sesam, Avocado-\u00d6l, Jojoba-\u00d6l, Bienenwachs und echtes Rosen-\u00d6l und unterst\u00fctzt die Regeneration gesch\u00e4digter, spr\u00f6der und rissiger Lippen sichtbar und sp\u00fcrbar. Die Lippenpflege spendet sofort intensive Feuchtigkeit, F\u00e4ltchen um die Lippenpartien werden sichtbar reduziert und spr\u00f6de Lippen werden samtig [&hellip;]<\/p>\n","protected":false},"featured_media":0,"template":"","meta":{"_acf_changed":false},"product_brand":[],"product_cat":[793],"product_tag":[],"class_list":{"0":"post-100281","1":"product","2":"type-product","3":"status-publish","5":"product_cat-p","6":"pa_packungsgroesse-7ml","8":"first","9":"instock","10":"shipping-taxable","11":"purchasable","12":"product-type-simple"},"acf":[],"_links":{"self":[{"href":"https:\/\/www.ernstbrunn-apotheke.at\/katalog\/wp-json\/wp\/v2\/product\/100281","targetHints":{"allow":["GET"]}}],"collection":[{"href":"https:\/\/www.ernstbrunn-apotheke.at\/katalog\/wp-json\/wp\/v2\/product"}],"about":[{"href":"https:\/\/www.ernstbrunn-apotheke.at\/katalog\/wp-json\/wp\/v2\/types\/product"}],"wp:attachment":[{"href":"https:\/\/www.ernstbrunn-apotheke.at\/katalog\/wp-json\/wp\/v2\/media?parent=100281"}],"wp:term":[{"taxonomy":"product_brand","embeddable":true,"href":"https:\/\/www.ernstbrunn-apotheke.at\/katalog\/wp-json\/wp\/v2\/product_brand?post=100281"},{"taxonomy":"product_cat","embeddable":true,"href":"https:\/\/www.ernstbrunn-apotheke.at\/katalog\/wp-json\/wp\/v2\/product_cat?post=100281"},{"taxonomy":"product_tag","embeddable":true,"href":"https:\/\/www.ernstbrunn-apotheke.at\/katalog\/wp-json\/wp\/v2\/product_tag?post=100281"}],"curies":[{"name":"wp","href":"https:\/\/api.w.org\/{rel}","templated":true}]}}