{"id":100279,"date":"2025-11-12T12:32:39","date_gmt":"2025-11-12T11:32:39","guid":{"rendered":"https:\/\/www.ernstbrunn-apotheke.at\/katalog\/produkt\/pharmos-natur-intensive-eye-liposome-20-ml\/"},"modified":"2025-12-08T21:11:11","modified_gmt":"2025-12-08T20:11:11","slug":"pharmos-natur-intensive-eye-liposome-20-ml","status":"publish","type":"product","link":"https:\/\/www.ernstbrunn-apotheke.at\/katalog\/produkt\/pharmos-natur-intensive-eye-liposome-20-ml\/","title":{"rendered":"PHARMOS NATUR Intensive Eye Liposome 20 ml"},"content":{"rendered":"<p>PHARMOS NATUR Intensive Eye Liposome pflegem die Haut intensiv und vitalisieren. Linien, F\u00e4ltchen, Schwellungen und Augenschatten werden deutlich reduziert, die Elastizit\u00e4t der Haut verbessert und fr\u00fchzeitiger Hautalterung und F\u00e4ltchenbildung vorgebeut. Ein nat\u00fcrliches Falten-Lifting aus naturbelassener Bio Aloe Vera mit Soforteffekt.<\/p>\n","protected":false},"excerpt":{"rendered":"<p>PHARMOS NATUR Intensive Eye Liposome pflegem die Haut intensiv und vitalisieren. Linien, F\u00e4ltchen, Schwellungen und Augenschatten werden deutlich reduziert, die Elastizit\u00e4t der Haut verbessert und fr\u00fchzeitiger Hautalterung und F\u00e4ltchenbildung vorgebeut. Ein nat\u00fcrliches Falten-Lifting aus naturbelassener Bio Aloe Vera mit Soforteffekt.<\/p>\n","protected":false},"featured_media":0,"template":"","meta":{"_acf_changed":false},"product_brand":[],"product_cat":[793],"product_tag":[],"class_list":{"0":"post-100279","1":"product","2":"type-product","3":"status-publish","5":"product_cat-p","6":"pa_packungsgroesse-20ml","8":"first","9":"instock","10":"shipping-taxable","11":"purchasable","12":"product-type-simple"},"acf":[],"_links":{"self":[{"href":"https:\/\/www.ernstbrunn-apotheke.at\/katalog\/wp-json\/wp\/v2\/product\/100279","targetHints":{"allow":["GET"]}}],"collection":[{"href":"https:\/\/www.ernstbrunn-apotheke.at\/katalog\/wp-json\/wp\/v2\/product"}],"about":[{"href":"https:\/\/www.ernstbrunn-apotheke.at\/katalog\/wp-json\/wp\/v2\/types\/product"}],"wp:attachment":[{"href":"https:\/\/www.ernstbrunn-apotheke.at\/katalog\/wp-json\/wp\/v2\/media?parent=100279"}],"wp:term":[{"taxonomy":"product_brand","embeddable":true,"href":"https:\/\/www.ernstbrunn-apotheke.at\/katalog\/wp-json\/wp\/v2\/product_brand?post=100279"},{"taxonomy":"product_cat","embeddable":true,"href":"https:\/\/www.ernstbrunn-apotheke.at\/katalog\/wp-json\/wp\/v2\/product_cat?post=100279"},{"taxonomy":"product_tag","embeddable":true,"href":"https:\/\/www.ernstbrunn-apotheke.at\/katalog\/wp-json\/wp\/v2\/product_tag?post=100279"}],"curies":[{"name":"wp","href":"https:\/\/api.w.org\/{rel}","templated":true}]}}