{"id":100269,"date":"2025-11-12T12:32:32","date_gmt":"2025-11-12T11:32:32","guid":{"rendered":"https:\/\/www.ernstbrunn-apotheke.at\/katalog\/produkt\/pharmos-natur-harmonizing-oil-30-ml\/"},"modified":"2025-12-08T21:11:04","modified_gmt":"2025-12-08T20:11:04","slug":"pharmos-natur-harmonizing-oil-30-ml","status":"publish","type":"product","link":"https:\/\/www.ernstbrunn-apotheke.at\/katalog\/produkt\/pharmos-natur-harmonizing-oil-30-ml\/","title":{"rendered":"PHARMOS NATUR Harmonizing Oil 30 ml"},"content":{"rendered":"<p>PHARMOS NATUR Harmonizing Oil ist ein harmonisierendes \u00d6l-Serum f\u00fcr eine gesunde und sch\u00f6ne Haut. Es reguliert den Hautstoffwechsel und die Talgdr\u00fcsen, n\u00e4hrt das Gewebe, strafft und gl\u00e4ttet die Haut. F\u00fcr die regenerationsbed\u00fcrftige und empfindliche Haut. Insbesondere f\u00fcr Allergiker geeignet.<\/p>\n","protected":false},"excerpt":{"rendered":"<p>PHARMOS NATUR Harmonizing Oil ist ein harmonisierendes \u00d6l-Serum f\u00fcr eine gesunde und sch\u00f6ne Haut. Es reguliert den Hautstoffwechsel und die Talgdr\u00fcsen, n\u00e4hrt das Gewebe, strafft und gl\u00e4ttet die Haut. F\u00fcr die regenerationsbed\u00fcrftige und empfindliche Haut. Insbesondere f\u00fcr Allergiker geeignet.<\/p>\n","protected":false},"featured_media":0,"template":"","meta":{"_acf_changed":false},"product_brand":[],"product_cat":[793],"product_tag":[],"class_list":{"0":"post-100269","1":"product","2":"type-product","3":"status-publish","5":"product_cat-p","6":"pa_packungsgroesse-30ml","8":"first","9":"instock","10":"shipping-taxable","11":"purchasable","12":"product-type-simple"},"acf":[],"_links":{"self":[{"href":"https:\/\/www.ernstbrunn-apotheke.at\/katalog\/wp-json\/wp\/v2\/product\/100269","targetHints":{"allow":["GET"]}}],"collection":[{"href":"https:\/\/www.ernstbrunn-apotheke.at\/katalog\/wp-json\/wp\/v2\/product"}],"about":[{"href":"https:\/\/www.ernstbrunn-apotheke.at\/katalog\/wp-json\/wp\/v2\/types\/product"}],"wp:attachment":[{"href":"https:\/\/www.ernstbrunn-apotheke.at\/katalog\/wp-json\/wp\/v2\/media?parent=100269"}],"wp:term":[{"taxonomy":"product_brand","embeddable":true,"href":"https:\/\/www.ernstbrunn-apotheke.at\/katalog\/wp-json\/wp\/v2\/product_brand?post=100269"},{"taxonomy":"product_cat","embeddable":true,"href":"https:\/\/www.ernstbrunn-apotheke.at\/katalog\/wp-json\/wp\/v2\/product_cat?post=100269"},{"taxonomy":"product_tag","embeddable":true,"href":"https:\/\/www.ernstbrunn-apotheke.at\/katalog\/wp-json\/wp\/v2\/product_tag?post=100269"}],"curies":[{"name":"wp","href":"https:\/\/api.w.org\/{rel}","templated":true}]}}