{"id":100261,"date":"2025-11-12T12:32:24","date_gmt":"2025-11-12T11:32:24","guid":{"rendered":"https:\/\/www.ernstbrunn-apotheke.at\/katalog\/produkt\/pharmos-natur-moisturizing-spray-100-ml\/"},"modified":"2025-12-08T21:10:58","modified_gmt":"2025-12-08T20:10:58","slug":"pharmos-natur-moisturizing-spray-100-ml","status":"publish","type":"product","link":"https:\/\/www.ernstbrunn-apotheke.at\/katalog\/produkt\/pharmos-natur-moisturizing-spray-100-ml\/","title":{"rendered":"PHARMOS NATUR Moisturizing Spray 100 ml"},"content":{"rendered":"<p>PHARMOS NATUR Moisturizing Spray ist ein kl\u00e4rendes Feuchtigkeitsspray f\u00fcr wohltuende Frische und Energie von Kopf bis Fu\u00df. Es regt die Zellerneuerung an und wirkt ausgleichend auf unser Nervensystem. F\u00fcr normale, \u00f6lige, energiebed\u00fcrftige und Mischhaut. Ganz besonders f\u00fcr die empfindliche Haut.<\/p>\n","protected":false},"excerpt":{"rendered":"<p>PHARMOS NATUR Moisturizing Spray ist ein kl\u00e4rendes Feuchtigkeitsspray f\u00fcr wohltuende Frische und Energie von Kopf bis Fu\u00df. Es regt die Zellerneuerung an und wirkt ausgleichend auf unser Nervensystem. F\u00fcr normale, \u00f6lige, energiebed\u00fcrftige und Mischhaut. Ganz besonders f\u00fcr die empfindliche Haut.<\/p>\n","protected":false},"featured_media":0,"template":"","meta":{"_acf_changed":false},"product_brand":[],"product_cat":[793],"product_tag":[],"class_list":{"0":"post-100261","1":"product","2":"type-product","3":"status-publish","5":"product_cat-p","6":"pa_packungsgroesse-100ml","8":"first","9":"instock","10":"shipping-taxable","11":"purchasable","12":"product-type-simple"},"acf":[],"_links":{"self":[{"href":"https:\/\/www.ernstbrunn-apotheke.at\/katalog\/wp-json\/wp\/v2\/product\/100261","targetHints":{"allow":["GET"]}}],"collection":[{"href":"https:\/\/www.ernstbrunn-apotheke.at\/katalog\/wp-json\/wp\/v2\/product"}],"about":[{"href":"https:\/\/www.ernstbrunn-apotheke.at\/katalog\/wp-json\/wp\/v2\/types\/product"}],"wp:attachment":[{"href":"https:\/\/www.ernstbrunn-apotheke.at\/katalog\/wp-json\/wp\/v2\/media?parent=100261"}],"wp:term":[{"taxonomy":"product_brand","embeddable":true,"href":"https:\/\/www.ernstbrunn-apotheke.at\/katalog\/wp-json\/wp\/v2\/product_brand?post=100261"},{"taxonomy":"product_cat","embeddable":true,"href":"https:\/\/www.ernstbrunn-apotheke.at\/katalog\/wp-json\/wp\/v2\/product_cat?post=100261"},{"taxonomy":"product_tag","embeddable":true,"href":"https:\/\/www.ernstbrunn-apotheke.at\/katalog\/wp-json\/wp\/v2\/product_tag?post=100261"}],"curies":[{"name":"wp","href":"https:\/\/api.w.org\/{rel}","templated":true}]}}