{"id":100259,"date":"2025-11-12T12:32:24","date_gmt":"2025-11-12T11:32:24","guid":{"rendered":"https:\/\/www.ernstbrunn-apotheke.at\/katalog\/produkt\/pharmos-natur-harmonizing-tonic-100-ml\/"},"modified":"2025-12-08T21:10:57","modified_gmt":"2025-12-08T20:10:57","slug":"pharmos-natur-harmonizing-tonic-100-ml","status":"publish","type":"product","link":"https:\/\/www.ernstbrunn-apotheke.at\/katalog\/produkt\/pharmos-natur-harmonizing-tonic-100-ml\/","title":{"rendered":"PHARMOS NATUR Harmonizing Tonic 100 ml"},"content":{"rendered":"<p>PHARMOS NATUR Harmonizing Tonic befreit die Haut von R\u00fcckst\u00e4nden aus kalkhaltigem Leitungswasser und ist der perfekte Abschluss der Reinigung. Das Gesichts-Tonikum wirkt entz\u00fcndungshemmend, antibakteriell und erfrischend. Die Haut erh\u00e4lt nachhaltig Feuchtigkeit, erfrischt und belebt Haut und Sinne.<\/p>\n","protected":false},"excerpt":{"rendered":"<p>PHARMOS NATUR Harmonizing Tonic befreit die Haut von R\u00fcckst\u00e4nden aus kalkhaltigem Leitungswasser und ist der perfekte Abschluss der Reinigung. Das Gesichts-Tonikum wirkt entz\u00fcndungshemmend, antibakteriell und erfrischend. Die Haut erh\u00e4lt nachhaltig Feuchtigkeit, erfrischt und belebt Haut und Sinne.<\/p>\n","protected":false},"featured_media":0,"template":"","meta":{"_acf_changed":false},"product_brand":[],"product_cat":[793],"product_tag":[],"class_list":{"0":"post-100259","1":"product","2":"type-product","3":"status-publish","5":"product_cat-p","6":"pa_packungsgroesse-100ml","8":"first","9":"instock","10":"shipping-taxable","11":"purchasable","12":"product-type-simple"},"acf":[],"_links":{"self":[{"href":"https:\/\/www.ernstbrunn-apotheke.at\/katalog\/wp-json\/wp\/v2\/product\/100259","targetHints":{"allow":["GET"]}}],"collection":[{"href":"https:\/\/www.ernstbrunn-apotheke.at\/katalog\/wp-json\/wp\/v2\/product"}],"about":[{"href":"https:\/\/www.ernstbrunn-apotheke.at\/katalog\/wp-json\/wp\/v2\/types\/product"}],"wp:attachment":[{"href":"https:\/\/www.ernstbrunn-apotheke.at\/katalog\/wp-json\/wp\/v2\/media?parent=100259"}],"wp:term":[{"taxonomy":"product_brand","embeddable":true,"href":"https:\/\/www.ernstbrunn-apotheke.at\/katalog\/wp-json\/wp\/v2\/product_brand?post=100259"},{"taxonomy":"product_cat","embeddable":true,"href":"https:\/\/www.ernstbrunn-apotheke.at\/katalog\/wp-json\/wp\/v2\/product_cat?post=100259"},{"taxonomy":"product_tag","embeddable":true,"href":"https:\/\/www.ernstbrunn-apotheke.at\/katalog\/wp-json\/wp\/v2\/product_tag?post=100259"}],"curies":[{"name":"wp","href":"https:\/\/api.w.org\/{rel}","templated":true}]}}