{"id":100240,"date":"2025-11-12T12:32:10","date_gmt":"2025-11-12T11:32:10","guid":{"rendered":"https:\/\/www.ernstbrunn-apotheke.at\/katalog\/produkt\/dr-hauschka-foundation-002-pine-30-ml\/"},"modified":"2025-12-08T21:10:45","modified_gmt":"2025-12-08T20:10:45","slug":"dr-hauschka-foundation-002-pine-30-ml","status":"publish","type":"product","link":"https:\/\/www.ernstbrunn-apotheke.at\/katalog\/produkt\/dr-hauschka-foundation-002-pine-30-ml\/","title":{"rendered":"Dr. Hauschka Foundation 002 Pine 30 ml"},"content":{"rendered":"<p>Die nat\u00fcrliche Basis f\u00fcr Ihr Make-up: Dr. Hauschka Foundation. Sie l\u00e4sst sich leicht und ebenm\u00e4\u00dfig auftragen und verbindet sich harmonisch mit Ihrem Hautton. Die Komposition mit mineralischen Pigmenten deckt Hautunebenheiten und R\u00f6tungen zuverl\u00e4ssig ab<\/p>\n","protected":false},"excerpt":{"rendered":"<p>Die nat\u00fcrliche Basis f\u00fcr Ihr Make-up: Dr. Hauschka Foundation. Sie l\u00e4sst sich leicht und ebenm\u00e4\u00dfig auftragen und verbindet sich harmonisch mit Ihrem Hautton. Die Komposition mit mineralischen Pigmenten deckt Hautunebenheiten und R\u00f6tungen zuverl\u00e4ssig ab<\/p>\n","protected":false},"featured_media":100242,"template":"","meta":{"_acf_changed":false},"product_brand":[679],"product_cat":[792],"product_tag":[],"class_list":{"0":"post-100240","1":"product","2":"type-product","3":"status-publish","4":"has-post-thumbnail","6":"product_brand-dr-hauschka","7":"product_cat-d","8":"pa_packungsgroesse-30ml","10":"first","11":"instock","12":"shipping-taxable","13":"purchasable","14":"product-type-simple"},"acf":[],"_links":{"self":[{"href":"https:\/\/www.ernstbrunn-apotheke.at\/katalog\/wp-json\/wp\/v2\/product\/100240","targetHints":{"allow":["GET"]}}],"collection":[{"href":"https:\/\/www.ernstbrunn-apotheke.at\/katalog\/wp-json\/wp\/v2\/product"}],"about":[{"href":"https:\/\/www.ernstbrunn-apotheke.at\/katalog\/wp-json\/wp\/v2\/types\/product"}],"wp:featuredmedia":[{"embeddable":true,"href":"https:\/\/www.ernstbrunn-apotheke.at\/katalog\/wp-json\/wp\/v2\/media\/100242"}],"wp:attachment":[{"href":"https:\/\/www.ernstbrunn-apotheke.at\/katalog\/wp-json\/wp\/v2\/media?parent=100240"}],"wp:term":[{"taxonomy":"product_brand","embeddable":true,"href":"https:\/\/www.ernstbrunn-apotheke.at\/katalog\/wp-json\/wp\/v2\/product_brand?post=100240"},{"taxonomy":"product_cat","embeddable":true,"href":"https:\/\/www.ernstbrunn-apotheke.at\/katalog\/wp-json\/wp\/v2\/product_cat?post=100240"},{"taxonomy":"product_tag","embeddable":true,"href":"https:\/\/www.ernstbrunn-apotheke.at\/katalog\/wp-json\/wp\/v2\/product_tag?post=100240"}],"curies":[{"name":"wp","href":"https:\/\/api.w.org\/{rel}","templated":true}]}}