{"id":100226,"date":"2025-11-12T12:31:49","date_gmt":"2025-11-12T11:31:49","guid":{"rendered":"https:\/\/www.ernstbrunn-apotheke.at\/katalog\/produkt\/dr-jacobs-boswellia-msm-forte-90-tabletten\/"},"modified":"2025-12-08T21:10:32","modified_gmt":"2025-12-08T20:10:32","slug":"dr-jacobs-boswellia-msm-forte-90-tabletten","status":"publish","type":"product","link":"https:\/\/www.ernstbrunn-apotheke.at\/katalog\/produkt\/dr-jacobs-boswellia-msm-forte-90-tabletten\/","title":{"rendered":"Dr. Jacobs Boswellia MSM forte 90 Tabletten"},"content":{"rendered":"<p>Weihrauch erfreut sich im Ayurveda seit langem gro\u00dfer Beliebtheit. Der von uns verwendete Extrakt des Weihrauch-Baumes (Boswellia) ist von h\u00f6chster Qualit\u00e4t und standardisiert auf mind. 75 % Boswellia-S\u00e4uren. Der menschliche K\u00f6rper besteht zu 0,2 % aus Schwefel. In fast allen unseren K\u00f6rperzellen ist Schwefel enthalten. MSM (Methylsulfonylmethan) liefert als organische und biologisch aktive Schwefelverbindung zugleich wertvolle Methylgruppen. Die einzigartige Kombination aus besonderen Pflanzenextrakten (Curcumin-Extrakt, Quercetin, Katzenkrallen-Extrakt, OPC-reicher Traubenkern-Extrakt, Acerolakirsche, Granatapfelsaft-Extrakt) mit wertvollen sekund\u00e4ren Pflanzenstoffen perfektioniert die Rezeptur<\/p>\n","protected":false},"excerpt":{"rendered":"<p>Weihrauch erfreut sich im Ayurveda seit langem gro\u00dfer Beliebtheit. Der von uns verwendete Extrakt des Weihrauch-Baumes (Boswellia) ist von h\u00f6chster Qualit\u00e4t und standardisiert auf mind. 75 % Boswellia-S\u00e4uren. Der menschliche K\u00f6rper besteht zu 0,2 % aus Schwefel. In fast allen unseren K\u00f6rperzellen ist Schwefel enthalten. MSM (Methylsulfonylmethan) liefert als organische und biologisch aktive Schwefelverbindung zugleich [&hellip;]<\/p>\n","protected":false},"featured_media":100228,"template":"","meta":{"_acf_changed":false},"product_brand":[433],"product_cat":[792],"product_tag":[],"class_list":{"0":"post-100226","1":"product","2":"type-product","3":"status-publish","4":"has-post-thumbnail","6":"product_brand-dr-jacobs","7":"product_cat-d","8":"pa_packungsgroesse-90-stueck","10":"first","11":"instock","12":"shipping-taxable","13":"purchasable","14":"product-type-simple"},"acf":[],"_links":{"self":[{"href":"https:\/\/www.ernstbrunn-apotheke.at\/katalog\/wp-json\/wp\/v2\/product\/100226","targetHints":{"allow":["GET"]}}],"collection":[{"href":"https:\/\/www.ernstbrunn-apotheke.at\/katalog\/wp-json\/wp\/v2\/product"}],"about":[{"href":"https:\/\/www.ernstbrunn-apotheke.at\/katalog\/wp-json\/wp\/v2\/types\/product"}],"wp:featuredmedia":[{"embeddable":true,"href":"https:\/\/www.ernstbrunn-apotheke.at\/katalog\/wp-json\/wp\/v2\/media\/100228"}],"wp:attachment":[{"href":"https:\/\/www.ernstbrunn-apotheke.at\/katalog\/wp-json\/wp\/v2\/media?parent=100226"}],"wp:term":[{"taxonomy":"product_brand","embeddable":true,"href":"https:\/\/www.ernstbrunn-apotheke.at\/katalog\/wp-json\/wp\/v2\/product_brand?post=100226"},{"taxonomy":"product_cat","embeddable":true,"href":"https:\/\/www.ernstbrunn-apotheke.at\/katalog\/wp-json\/wp\/v2\/product_cat?post=100226"},{"taxonomy":"product_tag","embeddable":true,"href":"https:\/\/www.ernstbrunn-apotheke.at\/katalog\/wp-json\/wp\/v2\/product_tag?post=100226"}],"curies":[{"name":"wp","href":"https:\/\/api.w.org\/{rel}","templated":true}]}}