{"id":100215,"date":"2025-11-12T12:31:11","date_gmt":"2025-11-12T11:31:11","guid":{"rendered":"https:\/\/www.ernstbrunn-apotheke.at\/katalog\/produkt\/pure-encapsulation-lycopene-20-mg-kapseln-60-stk\/"},"modified":"2025-12-08T21:10:21","modified_gmt":"2025-12-08T20:10:21","slug":"pure-encapsulation-lycopene-20-mg-kapseln-60-stk","status":"publish","type":"product","link":"https:\/\/www.ernstbrunn-apotheke.at\/katalog\/produkt\/pure-encapsulation-lycopene-20-mg-kapseln-60-stk\/","title":{"rendered":"Pure Encapsulation Lycopene 20 mg Kapseln 60 Stk."},"content":{"rendered":"<p>Pure encapsules Lycopene Kapseln enthalten den Pflanzenstoff Lycopin aus Tomatenextrakt, gel\u00f6st mit Reiskleie\u00f6l f\u00fcr eine bessere Bioverf\u00fcgbarkeit. Im menschlichen Organismus kommt Lycopin in Nebennieren, Leber, Hoden und der Prostata vor  und  sch\u00fctzt den Organismus vor sch\u00e4dlichen Umwelteinfl\u00fcssen.<\/p>\n","protected":false},"excerpt":{"rendered":"<p>Pure encapsules Lycopene Kapseln enthalten den Pflanzenstoff Lycopin aus Tomatenextrakt, gel\u00f6st mit Reiskleie\u00f6l f\u00fcr eine bessere Bioverf\u00fcgbarkeit. Im menschlichen Organismus kommt Lycopin in Nebennieren, Leber, Hoden und der Prostata vor und sch\u00fctzt den Organismus vor sch\u00e4dlichen Umwelteinfl\u00fcssen.<\/p>\n","protected":false},"featured_media":100217,"template":"","meta":{"_acf_changed":false},"product_brand":[336],"product_cat":[793],"product_tag":[],"class_list":{"0":"post-100215","1":"product","2":"type-product","3":"status-publish","4":"has-post-thumbnail","6":"product_brand-pure-encapsulations","7":"product_cat-p","8":"pa_packungsgroesse-60-stueck","10":"first","11":"instock","12":"shipping-taxable","13":"purchasable","14":"product-type-simple"},"acf":[],"_links":{"self":[{"href":"https:\/\/www.ernstbrunn-apotheke.at\/katalog\/wp-json\/wp\/v2\/product\/100215","targetHints":{"allow":["GET"]}}],"collection":[{"href":"https:\/\/www.ernstbrunn-apotheke.at\/katalog\/wp-json\/wp\/v2\/product"}],"about":[{"href":"https:\/\/www.ernstbrunn-apotheke.at\/katalog\/wp-json\/wp\/v2\/types\/product"}],"wp:featuredmedia":[{"embeddable":true,"href":"https:\/\/www.ernstbrunn-apotheke.at\/katalog\/wp-json\/wp\/v2\/media\/100217"}],"wp:attachment":[{"href":"https:\/\/www.ernstbrunn-apotheke.at\/katalog\/wp-json\/wp\/v2\/media?parent=100215"}],"wp:term":[{"taxonomy":"product_brand","embeddable":true,"href":"https:\/\/www.ernstbrunn-apotheke.at\/katalog\/wp-json\/wp\/v2\/product_brand?post=100215"},{"taxonomy":"product_cat","embeddable":true,"href":"https:\/\/www.ernstbrunn-apotheke.at\/katalog\/wp-json\/wp\/v2\/product_cat?post=100215"},{"taxonomy":"product_tag","embeddable":true,"href":"https:\/\/www.ernstbrunn-apotheke.at\/katalog\/wp-json\/wp\/v2\/product_tag?post=100215"}],"curies":[{"name":"wp","href":"https:\/\/api.w.org\/{rel}","templated":true}]}}