{"id":100183,"date":"2025-11-12T12:30:20","date_gmt":"2025-11-12T11:30:20","guid":{"rendered":"https:\/\/www.ernstbrunn-apotheke.at\/katalog\/produkt\/vichy-neovadiol-rose-platinium-augen-15-ml\/"},"modified":"2025-12-08T21:09:56","modified_gmt":"2025-12-08T20:09:56","slug":"vichy-neovadiol-rose-platinium-augen-15-ml","status":"publish","type":"product","link":"https:\/\/www.ernstbrunn-apotheke.at\/katalog\/produkt\/vichy-neovadiol-rose-platinium-augen-15-ml\/","title":{"rendered":"VICHY Neovadiol Rose Platinium Augen 15 ml"},"content":{"rendered":"<p>VICHY Neovadiol Rose Platinium Augen  ist eine wohltuende, leicht abdeckende Ros\u00e9-Creme f\u00fcr die reife Haut nach den Wechseljahren. Mit 3-Fach Wirkung &#8211; sie mildert Falten, Augenringe und Tr\u00e4nens\u00e4cke.<\/p>\n","protected":false},"excerpt":{"rendered":"<p>VICHY Neovadiol Rose Platinium Augen ist eine wohltuende, leicht abdeckende Ros\u00e9-Creme f\u00fcr die reife Haut nach den Wechseljahren. Mit 3-Fach Wirkung &#8211; sie mildert Falten, Augenringe und Tr\u00e4nens\u00e4cke.<\/p>\n","protected":false},"featured_media":100185,"template":"","meta":{"_acf_changed":false},"product_brand":[675],"product_cat":[799],"product_tag":[],"class_list":{"0":"post-100183","1":"product","2":"type-product","3":"status-publish","4":"has-post-thumbnail","6":"product_brand-vichy","7":"product_cat-v","8":"pa_packungsgroesse-15ml","10":"first","11":"instock","12":"shipping-taxable","13":"purchasable","14":"product-type-simple"},"acf":[],"_links":{"self":[{"href":"https:\/\/www.ernstbrunn-apotheke.at\/katalog\/wp-json\/wp\/v2\/product\/100183","targetHints":{"allow":["GET"]}}],"collection":[{"href":"https:\/\/www.ernstbrunn-apotheke.at\/katalog\/wp-json\/wp\/v2\/product"}],"about":[{"href":"https:\/\/www.ernstbrunn-apotheke.at\/katalog\/wp-json\/wp\/v2\/types\/product"}],"wp:featuredmedia":[{"embeddable":true,"href":"https:\/\/www.ernstbrunn-apotheke.at\/katalog\/wp-json\/wp\/v2\/media\/100185"}],"wp:attachment":[{"href":"https:\/\/www.ernstbrunn-apotheke.at\/katalog\/wp-json\/wp\/v2\/media?parent=100183"}],"wp:term":[{"taxonomy":"product_brand","embeddable":true,"href":"https:\/\/www.ernstbrunn-apotheke.at\/katalog\/wp-json\/wp\/v2\/product_brand?post=100183"},{"taxonomy":"product_cat","embeddable":true,"href":"https:\/\/www.ernstbrunn-apotheke.at\/katalog\/wp-json\/wp\/v2\/product_cat?post=100183"},{"taxonomy":"product_tag","embeddable":true,"href":"https:\/\/www.ernstbrunn-apotheke.at\/katalog\/wp-json\/wp\/v2\/product_tag?post=100183"}],"curies":[{"name":"wp","href":"https:\/\/api.w.org\/{rel}","templated":true}]}}