{"id":100124,"date":"2025-11-12T12:29:17","date_gmt":"2025-11-12T11:29:17","guid":{"rendered":"https:\/\/www.ernstbrunn-apotheke.at\/katalog\/produkt\/hansaton-aqua-protect-xl-pflaster-5-stk\/"},"modified":"2025-12-08T21:09:38","modified_gmt":"2025-12-08T20:09:38","slug":"hansaton-aqua-protect-xl-pflaster-5-stk","status":"publish","type":"product","link":"https:\/\/www.ernstbrunn-apotheke.at\/katalog\/produkt\/hansaton-aqua-protect-xl-pflaster-5-stk\/","title":{"rendered":"Hansaton Aqua protect XL Pflaster 5 Stk."},"content":{"rendered":"<p>Hansaton Aqua protect Pflaster ist ein wasserdichtes, steriles Pflaster, welches sich perfekt f\u00fcr mittelgro\u00dfe bis gro\u00dfe Wunden eignet. Es ist besonders hautfreundlich, reduziert das Infektionsrisiko und eignet sich besonders beim Waschen, Duschen, Baden oder Schwimmen.<\/p>\n","protected":false},"excerpt":{"rendered":"<p>Hansaton Aqua protect Pflaster ist ein wasserdichtes, steriles Pflaster, welches sich perfekt f\u00fcr mittelgro\u00dfe bis gro\u00dfe Wunden eignet. Es ist besonders hautfreundlich, reduziert das Infektionsrisiko und eignet sich besonders beim Waschen, Duschen, Baden oder Schwimmen.<\/p>\n","protected":false},"featured_media":100126,"template":"","meta":{"_acf_changed":false},"product_brand":[328],"product_cat":[805],"product_tag":[],"class_list":{"0":"post-100124","1":"product","2":"type-product","3":"status-publish","4":"has-post-thumbnail","6":"product_brand-hansaplast","7":"product_cat-h","8":"pa_packungsgroesse-5-stueck","10":"first","11":"instock","12":"shipping-taxable","13":"purchasable","14":"product-type-simple"},"acf":[],"_links":{"self":[{"href":"https:\/\/www.ernstbrunn-apotheke.at\/katalog\/wp-json\/wp\/v2\/product\/100124","targetHints":{"allow":["GET"]}}],"collection":[{"href":"https:\/\/www.ernstbrunn-apotheke.at\/katalog\/wp-json\/wp\/v2\/product"}],"about":[{"href":"https:\/\/www.ernstbrunn-apotheke.at\/katalog\/wp-json\/wp\/v2\/types\/product"}],"wp:featuredmedia":[{"embeddable":true,"href":"https:\/\/www.ernstbrunn-apotheke.at\/katalog\/wp-json\/wp\/v2\/media\/100126"}],"wp:attachment":[{"href":"https:\/\/www.ernstbrunn-apotheke.at\/katalog\/wp-json\/wp\/v2\/media?parent=100124"}],"wp:term":[{"taxonomy":"product_brand","embeddable":true,"href":"https:\/\/www.ernstbrunn-apotheke.at\/katalog\/wp-json\/wp\/v2\/product_brand?post=100124"},{"taxonomy":"product_cat","embeddable":true,"href":"https:\/\/www.ernstbrunn-apotheke.at\/katalog\/wp-json\/wp\/v2\/product_cat?post=100124"},{"taxonomy":"product_tag","embeddable":true,"href":"https:\/\/www.ernstbrunn-apotheke.at\/katalog\/wp-json\/wp\/v2\/product_tag?post=100124"}],"curies":[{"name":"wp","href":"https:\/\/api.w.org\/{rel}","templated":true}]}}