{"id":100036,"date":"2025-11-12T12:27:22","date_gmt":"2025-11-12T11:27:22","guid":{"rendered":"https:\/\/www.ernstbrunn-apotheke.at\/katalog\/produkt\/la-roche-posay-lipikar-dusch-und-badeoel-ap-750-ml\/"},"modified":"2025-12-08T21:09:14","modified_gmt":"2025-12-08T20:09:14","slug":"la-roche-posay-lipikar-dusch-und-badeoel-ap-750-ml","status":"publish","type":"product","link":"https:\/\/www.ernstbrunn-apotheke.at\/katalog\/produkt\/la-roche-posay-lipikar-dusch-und-badeoel-ap-750-ml\/","title":{"rendered":"La Roche-Posay Lipikar Dusch- und Bade\u00f6l AP+ 750 ml"},"content":{"rendered":"<p>Das sch\u00e4umende Dusch- und Bade\u00f6l ist speziell f\u00fcr sehr trockene und zu Neurodermitis neigende Haut bei S\u00e4uglingen, Kindern und Erwachsenen geeignet.Der einzigartige, patentierte Wirkstoff Aqua Posae Filiformis im Lipikar Dusch-und Bade\u00f6l AP+ bringt das Mikrobiom ins Gleichgewicht und beugt so Irritationen vor. Seine ultra-sanfte Formel ist mit hautberuhigendem Niacinamid und r\u00fcckfettender Sheabutter angereichert.<\/p>\n","protected":false},"excerpt":{"rendered":"<p>Das sch\u00e4umende Dusch- und Bade\u00f6l ist speziell f\u00fcr sehr trockene und zu Neurodermitis neigende Haut bei S\u00e4uglingen, Kindern und Erwachsenen geeignet.Der einzigartige, patentierte Wirkstoff Aqua Posae Filiformis im Lipikar Dusch-und Bade\u00f6l AP+ bringt das Mikrobiom ins Gleichgewicht und beugt so Irritationen vor. Seine ultra-sanfte Formel ist mit hautberuhigendem Niacinamid und r\u00fcckfettender Sheabutter angereichert.<\/p>\n","protected":false},"featured_media":0,"template":"","meta":{"_acf_changed":false},"product_brand":[677],"product_cat":[795],"product_tag":[],"class_list":{"0":"post-100036","1":"product","2":"type-product","3":"status-publish","5":"product_brand-la-roche-posay","6":"product_cat-l","7":"pa_packungsgroesse-750ml","9":"first","10":"instock","11":"shipping-taxable","12":"purchasable","13":"product-type-simple"},"acf":[],"_links":{"self":[{"href":"https:\/\/www.ernstbrunn-apotheke.at\/katalog\/wp-json\/wp\/v2\/product\/100036","targetHints":{"allow":["GET"]}}],"collection":[{"href":"https:\/\/www.ernstbrunn-apotheke.at\/katalog\/wp-json\/wp\/v2\/product"}],"about":[{"href":"https:\/\/www.ernstbrunn-apotheke.at\/katalog\/wp-json\/wp\/v2\/types\/product"}],"wp:attachment":[{"href":"https:\/\/www.ernstbrunn-apotheke.at\/katalog\/wp-json\/wp\/v2\/media?parent=100036"}],"wp:term":[{"taxonomy":"product_brand","embeddable":true,"href":"https:\/\/www.ernstbrunn-apotheke.at\/katalog\/wp-json\/wp\/v2\/product_brand?post=100036"},{"taxonomy":"product_cat","embeddable":true,"href":"https:\/\/www.ernstbrunn-apotheke.at\/katalog\/wp-json\/wp\/v2\/product_cat?post=100036"},{"taxonomy":"product_tag","embeddable":true,"href":"https:\/\/www.ernstbrunn-apotheke.at\/katalog\/wp-json\/wp\/v2\/product_tag?post=100036"}],"curies":[{"name":"wp","href":"https:\/\/api.w.org\/{rel}","templated":true}]}}