{"id":100019,"date":"2025-11-12T12:26:43","date_gmt":"2025-11-12T11:26:43","guid":{"rendered":"https:\/\/www.ernstbrunn-apotheke.at\/katalog\/produkt\/la-roche-posay-lipikar-gel-lavant-waschgel-750-ml\/"},"modified":"2025-12-08T21:09:09","modified_gmt":"2025-12-08T20:09:09","slug":"la-roche-posay-lipikar-gel-lavant-waschgel-750-ml","status":"publish","type":"product","link":"https:\/\/www.ernstbrunn-apotheke.at\/katalog\/produkt\/la-roche-posay-lipikar-gel-lavant-waschgel-750-ml\/","title":{"rendered":"La Roche-Posay Lipikar Gel Lavant (Waschgel) 750 ml"},"content":{"rendered":"<p>La Roche-Posay Lipikar Gel Lavant beruhigt und sch\u00fctzt die empfindliche Haut bei der t\u00e4glichen Reinigung. Seine besonders milde Formel ist f\u00fcr den ganzen K\u00f6rper geeignet. Die Formel enth\u00e4lt hautberuhigendes Niacinamid und r\u00fcckfettende Karit\u00e9butter, die den Wiederaufbau der Haut unterst\u00fctzt.<\/p>\n","protected":false},"excerpt":{"rendered":"<p>La Roche-Posay Lipikar Gel Lavant beruhigt und sch\u00fctzt die empfindliche Haut bei der t\u00e4glichen Reinigung. Seine besonders milde Formel ist f\u00fcr den ganzen K\u00f6rper geeignet. Die Formel enth\u00e4lt hautberuhigendes Niacinamid und r\u00fcckfettende Karit\u00e9butter, die den Wiederaufbau der Haut unterst\u00fctzt.<\/p>\n","protected":false},"featured_media":100021,"template":"","meta":{"_acf_changed":false},"product_brand":[677],"product_cat":[795],"product_tag":[],"class_list":{"0":"post-100019","1":"product","2":"type-product","3":"status-publish","4":"has-post-thumbnail","6":"product_brand-la-roche-posay","7":"product_cat-l","8":"pa_packungsgroesse-750ml","10":"first","11":"instock","12":"shipping-taxable","13":"purchasable","14":"product-type-simple"},"acf":[],"_links":{"self":[{"href":"https:\/\/www.ernstbrunn-apotheke.at\/katalog\/wp-json\/wp\/v2\/product\/100019","targetHints":{"allow":["GET"]}}],"collection":[{"href":"https:\/\/www.ernstbrunn-apotheke.at\/katalog\/wp-json\/wp\/v2\/product"}],"about":[{"href":"https:\/\/www.ernstbrunn-apotheke.at\/katalog\/wp-json\/wp\/v2\/types\/product"}],"wp:featuredmedia":[{"embeddable":true,"href":"https:\/\/www.ernstbrunn-apotheke.at\/katalog\/wp-json\/wp\/v2\/media\/100021"}],"wp:attachment":[{"href":"https:\/\/www.ernstbrunn-apotheke.at\/katalog\/wp-json\/wp\/v2\/media?parent=100019"}],"wp:term":[{"taxonomy":"product_brand","embeddable":true,"href":"https:\/\/www.ernstbrunn-apotheke.at\/katalog\/wp-json\/wp\/v2\/product_brand?post=100019"},{"taxonomy":"product_cat","embeddable":true,"href":"https:\/\/www.ernstbrunn-apotheke.at\/katalog\/wp-json\/wp\/v2\/product_cat?post=100019"},{"taxonomy":"product_tag","embeddable":true,"href":"https:\/\/www.ernstbrunn-apotheke.at\/katalog\/wp-json\/wp\/v2\/product_tag?post=100019"}],"curies":[{"name":"wp","href":"https:\/\/api.w.org\/{rel}","templated":true}]}}