{"id":100005,"date":"2025-11-12T12:26:43","date_gmt":"2025-11-12T11:26:43","guid":{"rendered":"https:\/\/www.ernstbrunn-apotheke.at\/katalog\/produkt\/la-roche-posay-effaclar-schaeumendes-reinigungsgel-400-ml\/"},"modified":"2025-12-08T21:09:05","modified_gmt":"2025-12-08T20:09:05","slug":"la-roche-posay-effaclar-schaeumendes-reinigungsgel-400-ml","status":"publish","type":"product","link":"https:\/\/www.ernstbrunn-apotheke.at\/katalog\/produkt\/la-roche-posay-effaclar-schaeumendes-reinigungsgel-400-ml\/","title":{"rendered":"La Roche-Posay Effaclar Sch\u00e4umendes Reinigungsgel 400 ml"},"content":{"rendered":"<p>La Roche-Posay Effaclar Sch\u00e4umendes Reinigungsgel 400 ml kl\u00e4rt fettige Haut sanft, ohne dabei auszutrocknen dank sorgf\u00e4ltig ausgew\u00e4hlter Reinigungswirkstoffe mit hoher Vertr\u00e4glichkeit. Entfernt Unreinheiten und \u00fcbersch\u00fcssigen Talg, wodurch die Haut gereinigt und erfrischt wird.<\/p>\n","protected":false},"excerpt":{"rendered":"<p>La Roche-Posay Effaclar Sch\u00e4umendes Reinigungsgel 400 ml kl\u00e4rt fettige Haut sanft, ohne dabei auszutrocknen dank sorgf\u00e4ltig ausgew\u00e4hlter Reinigungswirkstoffe mit hoher Vertr\u00e4glichkeit. Entfernt Unreinheiten und \u00fcbersch\u00fcssigen Talg, wodurch die Haut gereinigt und erfrischt wird.<\/p>\n","protected":false},"featured_media":100007,"template":"","meta":{"_acf_changed":false},"product_brand":[677],"product_cat":[795],"product_tag":[],"class_list":{"0":"post-100005","1":"product","2":"type-product","3":"status-publish","4":"has-post-thumbnail","6":"product_brand-la-roche-posay","7":"product_cat-l","8":"pa_packungsgroesse-400ml","10":"first","11":"instock","12":"shipping-taxable","13":"purchasable","14":"product-type-simple"},"acf":[],"_links":{"self":[{"href":"https:\/\/www.ernstbrunn-apotheke.at\/katalog\/wp-json\/wp\/v2\/product\/100005","targetHints":{"allow":["GET"]}}],"collection":[{"href":"https:\/\/www.ernstbrunn-apotheke.at\/katalog\/wp-json\/wp\/v2\/product"}],"about":[{"href":"https:\/\/www.ernstbrunn-apotheke.at\/katalog\/wp-json\/wp\/v2\/types\/product"}],"wp:featuredmedia":[{"embeddable":true,"href":"https:\/\/www.ernstbrunn-apotheke.at\/katalog\/wp-json\/wp\/v2\/media\/100007"}],"wp:attachment":[{"href":"https:\/\/www.ernstbrunn-apotheke.at\/katalog\/wp-json\/wp\/v2\/media?parent=100005"}],"wp:term":[{"taxonomy":"product_brand","embeddable":true,"href":"https:\/\/www.ernstbrunn-apotheke.at\/katalog\/wp-json\/wp\/v2\/product_brand?post=100005"},{"taxonomy":"product_cat","embeddable":true,"href":"https:\/\/www.ernstbrunn-apotheke.at\/katalog\/wp-json\/wp\/v2\/product_cat?post=100005"},{"taxonomy":"product_tag","embeddable":true,"href":"https:\/\/www.ernstbrunn-apotheke.at\/katalog\/wp-json\/wp\/v2\/product_tag?post=100005"}],"curies":[{"name":"wp","href":"https:\/\/api.w.org\/{rel}","templated":true}]}}