{"id":864,"date":"2023-01-24T15:05:25","date_gmt":"2023-01-24T14:05:25","guid":{"rendered":"https:\/\/dev.everpress.everapps.dev\/?page_id=864"},"modified":"2025-11-25T11:21:28","modified_gmt":"2025-11-25T10:21:28","slug":"startseite","status":"publish","type":"page","link":"https:\/\/www.ernstbrunn-apotheke.at\/katalog\/","title":{"rendered":"Startseite"},"content":{"rendered":"\n\t<div class=\"ep-content-dynamic  bg-light space \"><div class=\"row   default-start default-top\"><h1 class=\"col align-left\">Willkommen im Online-Katalog   <span class=\"subline\">der Apotheke Ernstbrunn<\/span><\/h1><div class=\"col large-6 \"><p>Sch\u00f6n, dass Sie hier sind! In unserem Online-Katalog finden Sie eine sorgf\u00e4ltig ausgew\u00e4hlte Produktvielfalt rund um Ihre Gesundheit und Ihr Wohlbefinden. Ob f\u00fcr den Alltag, besondere Lebensphasen oder erg\u00e4nzende Therapien \u2013 bei uns finden Sie genau das Richtige.<\/p>\n<p>Bitte beachten Sie: \u00dcber unsere Website ist <strong>kein direkter Kauf<\/strong> m\u00f6glich. Wenn Sie Interesse an einem Produkt haben, k\u00f6nnen Sie <strong>unverbindlich eine Anfrage<\/strong> stellen \u2013 wir setzen uns anschlie\u00dfend gerne mit Ihnen in Verbindung.<\/p>\n<\/div><div class=\"col large-6 \"><p><strong>Unser Team ber\u00e4t Sie gerne pers\u00f6nlich!<\/strong><\/p>\n<p>Haben Sie Fragen zu einem bestimmten Produkt oder m\u00f6chten Sie es reservieren? Kontaktieren Sie uns direkt \u2013 wir sind f\u00fcr Sie da!<\/p>\n<\/div><\/div><\/div>\n\t\n\n\n<div class=\"ep-products-teaser  bg-medium space\">\n<div class=\"row\">\n\n\t\n\t<div class=\"col ep-title-container\"><h2>Unsere aktuellen Produkte &#8211;  <span class=\"subline\">werden Sie jetzt f\u00fcndig<\/span><\/h2><\/div>\n\n\t<div class=\"col\">\n\t\t<ul class=\"ep-teaser-tiles products margin-bottom  catalog\"><li class=\"product type-product post-139188 status-publish first instock product_cat-a has-post-thumbnail shipping-taxable purchasable product-type-simple\">\n\t<a title=\"Aboca Fitonasal Kinder Nasenspray | 125ml\" href=\"https:\/\/www.ernstbrunn-apotheke.at\/katalog\/produkt\/aboca-fitonasal-kinder-nasenspray\/\" class=\"woocommerce-LoopProduct-link woocommerce-loop-product__link\" aria-label=\"Produkt \u00f6ffnen \u2013 Aboca Fitonasal Kinder Nasenspray\" data-tooltip=\"focus\"><\/a><img loading=\"lazy\" decoding=\"async\" width=\"300\" height=\"300\" src=\"https:\/\/www.ernstbrunn-apotheke.at\/katalog\/wp-content\/uploads\/2025\/11\/pimProductBatchZip_d0685df124e692e21e07c070f7924be4-300x300.png\" class=\"attachment-woocommerce_thumbnail size-woocommerce_thumbnail\" alt=\"Aboca Fitonasal Kinder Nasenspray\" srcset=\"https:\/\/www.ernstbrunn-apotheke.at\/katalog\/wp-content\/uploads\/2025\/11\/pimProductBatchZip_d0685df124e692e21e07c070f7924be4-300x300.png 300w, https:\/\/www.ernstbrunn-apotheke.at\/katalog\/wp-content\/uploads\/2025\/11\/pimProductBatchZip_d0685df124e692e21e07c070f7924be4-150x150.png 150w, https:\/\/www.ernstbrunn-apotheke.at\/katalog\/wp-content\/uploads\/2025\/11\/pimProductBatchZip_d0685df124e692e21e07c070f7924be4-768x768.png 768w, https:\/\/www.ernstbrunn-apotheke.at\/katalog\/wp-content\/uploads\/2025\/11\/pimProductBatchZip_d0685df124e692e21e07c070f7924be4-480x480.png 480w, https:\/\/www.ernstbrunn-apotheke.at\/katalog\/wp-content\/uploads\/2025\/11\/pimProductBatchZip_d0685df124e692e21e07c070f7924be4-760x760.png 760w, https:\/\/www.ernstbrunn-apotheke.at\/katalog\/wp-content\/uploads\/2025\/11\/pimProductBatchZip_d0685df124e692e21e07c070f7924be4-600x600.png 600w, https:\/\/www.ernstbrunn-apotheke.at\/katalog\/wp-content\/uploads\/2025\/11\/pimProductBatchZip_d0685df124e692e21e07c070f7924be4-100x100.png 100w, https:\/\/www.ernstbrunn-apotheke.at\/katalog\/wp-content\/uploads\/2025\/11\/pimProductBatchZip_d0685df124e692e21e07c070f7924be4.png 800w\" sizes=\"auto, (max-width: 300px) 100vw, 300px\" \/><h2 class=\"woocommerce-loop-product__title\">Aboca Fitonasal Kinder Nasenspray<\/h2>\n\n<div class=\"product-info-container\"><\/div><div class=\"mark-container\"><mark class=\"mark-link\"><a href=\"https:\/\/www.ernstbrunn-apotheke.at\/katalog\/produkt-kategorie\/a\/\" title=\"Gehe zu A\">A<\/a><\/mark><\/div><a class=\"btn\" tabindex=\"0\" title=\"Zur Wunschliste hinzuf\u00fcgen\" data-text-add=\"Zur Wunschliste hinzuf\u00fcgen\" data-text-remove=\"Entfernen\" data-wishlist=\"139188\">Zur Wunschliste hinzuf\u00fcgen<\/a>\n\n\n\n\n\n<a href=\"\/katalog\/wp-json\/wp\/v2\/pages\/864?add-to-cart=139188\" aria-describedby=\"woocommerce_loop_add_to_cart_link_describedby_139188\" data-quantity=\"1\" class=\"button product_type_simple add_to_cart_button ajax_add_to_cart\" data-product_id=\"139188\" data-product_sku=\"5571871\" aria-label=\"In den Warenkorb legen: \u201eAboca Fitonasal Kinder Nasenspray\u201c\" rel=\"nofollow\" data-success_message=\"\u201eAboca Fitonasal Kinder Nasenspray\u201c wurde Ihrem Warenkorb hinzugef\u00fcgt\" data-product-name=\"Aboca Fitonasal Kinder Nasenspray\" title=\"Zur Anfrageliste hinzuf\u00fcgen\" role=\"button\">Zur Anfrageliste hinzuf\u00fcgen<\/a>\t<span id=\"woocommerce_loop_add_to_cart_link_describedby_139188\" class=\"screen-reader-text\">\n\t\t\t<\/span>\n<\/li>\n<li class=\"product type-product post-28772 status-publish instock product_cat-a has-post-thumbnail shipping-taxable purchasable product-type-simple\">\n\t<a title=\"Apofit Badesalz Totes Meer | 1kg\" href=\"https:\/\/www.ernstbrunn-apotheke.at\/katalog\/produkt\/apofit-badesalz-totes-meer\/\" class=\"woocommerce-LoopProduct-link woocommerce-loop-product__link\" aria-label=\"Produkt \u00f6ffnen \u2013 Apofit Badesalz Totes Meer\" data-tooltip=\"focus\"><\/a><img loading=\"lazy\" decoding=\"async\" width=\"300\" height=\"300\" src=\"https:\/\/www.ernstbrunn-apotheke.at\/katalog\/wp-content\/uploads\/2025\/11\/108298-a-300x300.jpg\" class=\"attachment-woocommerce_thumbnail size-woocommerce_thumbnail\" alt=\"Apofit Badesalz Totes Meer\" srcset=\"https:\/\/www.ernstbrunn-apotheke.at\/katalog\/wp-content\/uploads\/2025\/11\/108298-a-300x300.jpg 300w, https:\/\/www.ernstbrunn-apotheke.at\/katalog\/wp-content\/uploads\/2025\/11\/108298-a-150x150.jpg 150w, https:\/\/www.ernstbrunn-apotheke.at\/katalog\/wp-content\/uploads\/2025\/11\/108298-a-768x768.jpg 768w, https:\/\/www.ernstbrunn-apotheke.at\/katalog\/wp-content\/uploads\/2025\/11\/108298-a-480x480.jpg 480w, https:\/\/www.ernstbrunn-apotheke.at\/katalog\/wp-content\/uploads\/2025\/11\/108298-a-760x760.jpg 760w, https:\/\/www.ernstbrunn-apotheke.at\/katalog\/wp-content\/uploads\/2025\/11\/108298-a-600x600.jpg 600w, https:\/\/www.ernstbrunn-apotheke.at\/katalog\/wp-content\/uploads\/2025\/11\/108298-a-100x100.jpg 100w, https:\/\/www.ernstbrunn-apotheke.at\/katalog\/wp-content\/uploads\/2025\/11\/108298-a.jpg 1000w\" sizes=\"auto, (max-width: 300px) 100vw, 300px\" \/><h2 class=\"woocommerce-loop-product__title\">Apofit Badesalz Totes Meer<\/h2>\n\n<div class=\"product-info-container\"><\/div><div class=\"mark-container\"><mark class=\"mark-link\"><a href=\"https:\/\/www.ernstbrunn-apotheke.at\/katalog\/produkt-kategorie\/a\/\" title=\"Gehe zu A\">A<\/a><\/mark><\/div><a class=\"btn\" tabindex=\"0\" title=\"Zur Wunschliste hinzuf\u00fcgen\" data-text-add=\"Zur Wunschliste hinzuf\u00fcgen\" data-text-remove=\"Entfernen\" data-wishlist=\"28772\">Zur Wunschliste hinzuf\u00fcgen<\/a>\n\n\n\n\n\n<a href=\"\/katalog\/wp-json\/wp\/v2\/pages\/864?add-to-cart=28772\" aria-describedby=\"woocommerce_loop_add_to_cart_link_describedby_28772\" data-quantity=\"1\" class=\"button product_type_simple add_to_cart_button ajax_add_to_cart\" data-product_id=\"28772\" data-product_sku=\"1751547\" aria-label=\"In den Warenkorb legen: \u201eApofit Badesalz Totes Meer\u201c\" rel=\"nofollow\" data-success_message=\"\u201eApofit Badesalz Totes Meer\u201c wurde Ihrem Warenkorb hinzugef\u00fcgt\" data-product-name=\"Apofit Badesalz Totes Meer\" title=\"Zur Anfrageliste hinzuf\u00fcgen\" role=\"button\">Zur Anfrageliste hinzuf\u00fcgen<\/a>\t<span id=\"woocommerce_loop_add_to_cart_link_describedby_28772\" class=\"screen-reader-text\">\n\t\t\t<\/span>\n<\/li>\n<li class=\"product type-product post-17559 status-publish instock product_cat-g has-post-thumbnail shipping-taxable purchasable product-type-simple\">\n\t<a title=\"Gr\u00fcnkaffee 300 mg Extrakt Kapseln 60 Stk. | 60 St\u00fcck\" href=\"https:\/\/www.ernstbrunn-apotheke.at\/katalog\/produkt\/gruenkaffee-300-mg-extrakt-kapseln-60-stk\/\" class=\"woocommerce-LoopProduct-link woocommerce-loop-product__link\" aria-label=\"Produkt \u00f6ffnen \u2013 Gr\u00fcnkaffee 300 mg Extrakt Kapseln 60 Stk.\" data-tooltip=\"focus\"><\/a><img loading=\"lazy\" decoding=\"async\" width=\"300\" height=\"300\" src=\"https:\/\/www.ernstbrunn-apotheke.at\/katalog\/wp-content\/uploads\/2025\/11\/pimProductBatch_602fd1908efbc-300x300.jpg\" class=\"attachment-woocommerce_thumbnail size-woocommerce_thumbnail\" alt=\"Gr\u00fcnkaffee 300 mg Extrakt Kapseln 60 Stk.\" srcset=\"https:\/\/www.ernstbrunn-apotheke.at\/katalog\/wp-content\/uploads\/2025\/11\/pimProductBatch_602fd1908efbc-300x300.jpg 300w, https:\/\/www.ernstbrunn-apotheke.at\/katalog\/wp-content\/uploads\/2025\/11\/pimProductBatch_602fd1908efbc-150x150.jpg 150w, https:\/\/www.ernstbrunn-apotheke.at\/katalog\/wp-content\/uploads\/2025\/11\/pimProductBatch_602fd1908efbc-768x768.jpg 768w, https:\/\/www.ernstbrunn-apotheke.at\/katalog\/wp-content\/uploads\/2025\/11\/pimProductBatch_602fd1908efbc-480x480.jpg 480w, https:\/\/www.ernstbrunn-apotheke.at\/katalog\/wp-content\/uploads\/2025\/11\/pimProductBatch_602fd1908efbc-760x760.jpg 760w, https:\/\/www.ernstbrunn-apotheke.at\/katalog\/wp-content\/uploads\/2025\/11\/pimProductBatch_602fd1908efbc-600x600.jpg 600w, https:\/\/www.ernstbrunn-apotheke.at\/katalog\/wp-content\/uploads\/2025\/11\/pimProductBatch_602fd1908efbc-100x100.jpg 100w, https:\/\/www.ernstbrunn-apotheke.at\/katalog\/wp-content\/uploads\/2025\/11\/pimProductBatch_602fd1908efbc.jpg 800w\" sizes=\"auto, (max-width: 300px) 100vw, 300px\" \/><h2 class=\"woocommerce-loop-product__title\">Gr\u00fcnkaffee 300 mg Extrakt Kapseln 60 Stk.<\/h2>\n\n<div class=\"product-info-container\"><\/div><div class=\"mark-container\"><mark class=\"mark-link\"><a href=\"https:\/\/www.ernstbrunn-apotheke.at\/katalog\/produkt-kategorie\/g\/\" title=\"Gehe zu G\">G<\/a><\/mark><\/div><a class=\"btn\" tabindex=\"0\" title=\"Zur Wunschliste hinzuf\u00fcgen\" data-text-add=\"Zur Wunschliste hinzuf\u00fcgen\" data-text-remove=\"Entfernen\" data-wishlist=\"17559\">Zur Wunschliste hinzuf\u00fcgen<\/a>\n\n\n\n\n\n<a href=\"\/katalog\/wp-json\/wp\/v2\/pages\/864?add-to-cart=17559\" aria-describedby=\"woocommerce_loop_add_to_cart_link_describedby_17559\" data-quantity=\"1\" class=\"button product_type_simple add_to_cart_button ajax_add_to_cart\" data-product_id=\"17559\" data-product_sku=\"4057304\" aria-label=\"In den Warenkorb legen: \u201eGr\u00fcnkaffee 300 mg Extrakt Kapseln 60 Stk.\u201c\" rel=\"nofollow\" data-success_message=\"\u201eGr\u00fcnkaffee 300 mg Extrakt Kapseln 60 Stk.\u201c wurde Ihrem Warenkorb hinzugef\u00fcgt\" data-product-name=\"Gr\u00fcnkaffee 300 mg Extrakt Kapseln 60 Stk.\" title=\"Zur Anfrageliste hinzuf\u00fcgen\" role=\"button\">Zur Anfrageliste hinzuf\u00fcgen<\/a>\t<span id=\"woocommerce_loop_add_to_cart_link_describedby_17559\" class=\"screen-reader-text\">\n\t\t\t<\/span>\n<\/li>\n<li class=\"product type-product post-14791 status-publish instock product_cat-h has-post-thumbnail shipping-taxable purchasable product-type-variable\">\n\t<a title=\"Husten ACC Hexal akut Brausetabletten 600 mg | 20 St\u00fcck\" href=\"https:\/\/www.ernstbrunn-apotheke.at\/katalog\/produkt\/husten-acc-hexal-akut-brausetabletten-600-mg\/\" class=\"woocommerce-LoopProduct-link woocommerce-loop-product__link\" aria-label=\"Produkt \u00f6ffnen \u2013 Husten ACC Hexal akut Brausetabletten 600 mg\" data-tooltip=\"focus\"><\/a><img loading=\"lazy\" decoding=\"async\" width=\"300\" height=\"300\" src=\"https:\/\/www.ernstbrunn-apotheke.at\/katalog\/wp-content\/uploads\/2025\/11\/product_66b0f0565e335-300x300.jpg\" class=\"attachment-woocommerce_thumbnail size-woocommerce_thumbnail\" alt=\"Husten ACC Hexal akut Brausetabletten 600 mg\" srcset=\"https:\/\/www.ernstbrunn-apotheke.at\/katalog\/wp-content\/uploads\/2025\/11\/product_66b0f0565e335-300x300.jpg 300w, https:\/\/www.ernstbrunn-apotheke.at\/katalog\/wp-content\/uploads\/2025\/11\/product_66b0f0565e335-1024x1024.jpg 1024w, https:\/\/www.ernstbrunn-apotheke.at\/katalog\/wp-content\/uploads\/2025\/11\/product_66b0f0565e335-150x150.jpg 150w, https:\/\/www.ernstbrunn-apotheke.at\/katalog\/wp-content\/uploads\/2025\/11\/product_66b0f0565e335-768x768.jpg 768w, https:\/\/www.ernstbrunn-apotheke.at\/katalog\/wp-content\/uploads\/2025\/11\/product_66b0f0565e335-1536x1536.jpg 1536w, https:\/\/www.ernstbrunn-apotheke.at\/katalog\/wp-content\/uploads\/2025\/11\/product_66b0f0565e335-2048x2048.jpg 2048w, https:\/\/www.ernstbrunn-apotheke.at\/katalog\/wp-content\/uploads\/2025\/11\/product_66b0f0565e335-480x480.jpg 480w, https:\/\/www.ernstbrunn-apotheke.at\/katalog\/wp-content\/uploads\/2025\/11\/product_66b0f0565e335-760x760.jpg 760w, https:\/\/www.ernstbrunn-apotheke.at\/katalog\/wp-content\/uploads\/2025\/11\/product_66b0f0565e335-1200x1200.jpg 1200w, https:\/\/www.ernstbrunn-apotheke.at\/katalog\/wp-content\/uploads\/2025\/11\/product_66b0f0565e335-600x600.jpg 600w, https:\/\/www.ernstbrunn-apotheke.at\/katalog\/wp-content\/uploads\/2025\/11\/product_66b0f0565e335-100x100.jpg 100w\" sizes=\"auto, (max-width: 300px) 100vw, 300px\" \/><h2 class=\"woocommerce-loop-product__title\">Husten ACC Hexal akut Brausetabletten 600 mg<\/h2>\n\n<div class=\"product-info-container\"><\/div><div class=\"mark-container\"><mark class=\"mark-link\"><a href=\"https:\/\/www.ernstbrunn-apotheke.at\/katalog\/produkt-kategorie\/h\/\" title=\"Gehe zu H\">H<\/a><\/mark><\/div><a class=\"btn\" tabindex=\"0\" title=\"Zur Wunschliste hinzuf\u00fcgen\" data-text-add=\"Zur Wunschliste hinzuf\u00fcgen\" data-text-remove=\"Entfernen\" data-wishlist=\"14791\">Zur Wunschliste hinzuf\u00fcgen<\/a>\n\n\n\n\n\n<a href=\"https:\/\/www.ernstbrunn-apotheke.at\/katalog\/produkt\/husten-acc-hexal-akut-brausetabletten-600-mg\/\" aria-describedby=\"woocommerce_loop_add_to_cart_link_describedby_14791\" data-quantity=\"1\" class=\"button product_type_variable add_to_cart_button\" data-product_id=\"14791\" data-product_sku=\"1346864\" aria-label=\"W\u00e4hlen Sie die Optionen f\u00fcr \u201eHusten ACC Hexal akut Brausetabletten 600 mg\u201c\" rel=\"nofollow\" data-product-name=\"Husten ACC Hexal akut Brausetabletten 600 mg\" title=\"Variante ausw\u00e4hlen\">Variante ausw\u00e4hlen<\/a>\t<span id=\"woocommerce_loop_add_to_cart_link_describedby_14791\" class=\"screen-reader-text\">\n\t\tDieses Produkt weist mehrere Varianten auf. Die Optionen k\u00f6nnen auf der Produktseite gew\u00e4hlt werden\t<\/span>\n<\/li>\n<\/ul><\/div>\n\n<\/div>\n<\/div>\n\n\t\n\n\n\t<div class=\"ep-content-dynamic  bg-light space \"><div class=\"row   default-between default-top\"><h3 class=\"col align-left\">Entdecken Sie unsere Hauptkategorien:  <span class=\"subline\"><\/span><\/h3><div class=\"col large-5 \"><ul>\n<li><a title=\"Kosmetik &amp; K\u00f6rperpflege - Pflegende Produkte f\u00fcr Haut, Haar und N\u00e4gel \u2013 von medizinischer Kosmetik bis zu allt\u00e4glicher Hygiene.\" href=\"\/katalog\/?s=Kosmetik+K\u00f6rperpflege\" rel=\"noopener\" aria-label=\"Link: Kosmetik &amp; K\u00f6rperpflege\">Kosmetik &amp; K\u00f6rperpflege<\/a><br \/>\nPflegende Produkte f\u00fcr Haut, Haar und N\u00e4gel \u2013 von medizinischer Kosmetik bis zu allt\u00e4glicher Hygiene.<\/li>\n<li><a title=\"Gesundheitsvorsorge - Vitamine, Mineralstoffe, Immunst\u00e4rkung und Produkte zur Unterst\u00fctzung Ihrer t\u00e4glichen Gesundheit.\" href=\"\/katalog\/?s=Gesundheit\" rel=\"noopener\" aria-label=\"Link: Gesundheitsvorsorge\">Gesundheitsvorsorge<\/a><br \/>\nVitamine, Mineralstoffe, Immunst\u00e4rkung und Produkte zur Unterst\u00fctzung Ihrer t\u00e4glichen Gesundheit.<\/li>\n<li><a title=\"Sanit\u00e4tsbedarf &amp; Pflege - Hilfsmittel, Pflegeprodukte und Ausstattung f\u00fcr die h\u00e4usliche Pflege und besondere Bed\u00fcrfnisse\" href=\"\/katalog\/?s=Pflegeprodukte\" rel=\"noopener\" aria-label=\"Link: Sanit\u00e4tsbedarf &amp; Pflege\">Sanit\u00e4tsbedarf &amp; Pflege<\/a><br \/>\nHilfsmittel, Pflegeprodukte und Ausstattung f\u00fcr die h\u00e4usliche Pflege und besondere Bed\u00fcrfnisse.<\/li>\n<\/ul>\n<\/div><div class=\"col large-6 \"><ul>\n<li><a title=\"Schwangerschaft &amp; Kind - Alles f\u00fcr werdende M\u00fctter, Babys und Kinder \u2013 sanft, sicher und auf Ihre Familie abgestimmt.\" href=\"\/katalog\/?s=Schwangerschaft\" rel=\"noopener\" aria-label=\"Link: Schwangerschaft &amp; Kind\">Schwangerschaft &amp; Kind<\/a><br \/>\nAlles f\u00fcr werdende M\u00fctter, Babys und Kinder \u2013 sanft, sicher und auf Ihre Familie abgestimmt.<\/li>\n<li><a title=\"Alternativmedizin \/ Naturheilmittel - Pflanzliche Arzneien, Hom\u00f6opathie und bew\u00e4hrte Naturprodukte f\u00fcr ganzheitliches Wohlbefinden.\" href=\"\/katalog\/?s=Hom\u00f6opathie\" rel=\"noopener\" aria-label=\"Link: Alternativmedizin \/ Naturheilmittel\">Alternativmedizin \/ Naturheilmittel<\/a><br \/>\nPflanzliche Arzneien, Hom\u00f6opathie und bew\u00e4hrte Naturprodukte f\u00fcr ganzheitliches Wohlbefinden.<\/li>\n<\/ul>\n<\/div><\/div><\/div>\n\t","protected":false},"excerpt":{"rendered":"","protected":false},"author":1,"featured_media":0,"parent":0,"menu_order":0,"comment_status":"closed","ping_status":"closed","template":"","meta":{"_acf_changed":false,"footnotes":""},"class_list":["post-864","page","type-page","status-publish","hentry"],"acf":[],"_links":{"self":[{"href":"https:\/\/www.ernstbrunn-apotheke.at\/katalog\/wp-json\/wp\/v2\/pages\/864","targetHints":{"allow":["GET"]}}],"collection":[{"href":"https:\/\/www.ernstbrunn-apotheke.at\/katalog\/wp-json\/wp\/v2\/pages"}],"about":[{"href":"https:\/\/www.ernstbrunn-apotheke.at\/katalog\/wp-json\/wp\/v2\/types\/page"}],"author":[{"embeddable":true,"href":"https:\/\/www.ernstbrunn-apotheke.at\/katalog\/wp-json\/wp\/v2\/users\/1"}],"replies":[{"embeddable":true,"href":"https:\/\/www.ernstbrunn-apotheke.at\/katalog\/wp-json\/wp\/v2\/comments?post=864"}],"version-history":[{"count":4,"href":"https:\/\/www.ernstbrunn-apotheke.at\/katalog\/wp-json\/wp\/v2\/pages\/864\/revisions"}],"predecessor-version":[{"id":161429,"href":"https:\/\/www.ernstbrunn-apotheke.at\/katalog\/wp-json\/wp\/v2\/pages\/864\/revisions\/161429"}],"wp:attachment":[{"href":"https:\/\/www.ernstbrunn-apotheke.at\/katalog\/wp-json\/wp\/v2\/media?parent=864"}],"curies":[{"name":"wp","href":"https:\/\/api.w.org\/{rel}","templated":true}]}}