{"id":855,"date":"2023-01-24T14:57:36","date_gmt":"2023-01-24T13:57:36","guid":{"rendered":"https:\/\/dev.everpress.everapps.dev\/agb\/"},"modified":"2025-11-24T08:05:40","modified_gmt":"2025-11-24T07:05:40","slug":"agb","status":"publish","type":"page","link":"https:\/\/www.ernstbrunn-apotheke.at\/katalog\/agb\/","title":{"rendered":"AGB"},"content":{"rendered":"\n\t<div class=\"ep-content-dynamic  bg-light space \"><div class=\"row   default-start default-top\"><h1 class=\"col align-left\">Allgemeine Gesch\u00e4ftsbedingungen  <span class=\"subline\">Apotheke Ernstbrunn Mag. pharm. Scarlat KG<\/span><\/h1><div class=\"col \"><h5>\u00a7 1 Grundlegende Bestimmungen<\/h5>\n<ol>\n<li>Die nachstehenden Gesch\u00e4ftsbedingungen gelten f\u00fcr Vertr\u00e4ge die \u00fcber <strong>https:\/\/www.ernstbrunn-apotheke.at\/katalog<\/strong> geschlossen werden. Soweit nicht anders vereinbart, wird eigens von Ihnen verwendeten Bedingungen widersprochen.<\/li>\n<li>Verbraucher im Sinne dieser Regelung ist jede nat\u00fcrliche Person, die ein Rechtsgesch\u00e4ft mit privaten Anliegen abschlie\u00dft. \u00a0Unternehmer ist jede nat\u00fcrliche oder juristische Person, die bei Abschluss des Rechtsgesch\u00e4fts im Sinne ihrer beruflichen oder gewerblichen Interessen handelt.<\/li>\n<\/ol>\n<h5>\u00a7 2 Zustandekommen des Vertrages<\/h5>\n<ol>\n<li>Vertragsgegenstand ist der Verkauf von Waren.<\/li>\n<li>Mit der Bereitstellung eines Produktes in unserem Shop unterbreiten wir unseren Kunden ein verbindliches Angebot zum Abschluss eines Kaufvertrages.<\/li>\n<li>Alle zum Kauf beabsichtigten Produkte werden vom Kunden im \u201eWarenkorb\u201c abgelegt. Nach Eingabe der pers\u00f6nlichen Daten und Zahlungsinformationen hat der Kunde die M\u00f6glichkeit alle eingegebenen Informationen zu \u00fcberpr\u00fcfen. Mit dem Absenden der Bestellung durch Klick auf die daf\u00fcr vorgesehene Schaltfl\u00e4che erkl\u00e4rt der Kunde rechtsverbindlich die Annahme des Angebotes. Damit ist der Kaufvertrag zustande gekommen. Bei der Zahlungs-Option \u00fcber Payment-Dienstleister wie PayPal oder Sofort\u00fcberweisung, wird der Kunde von unserem unserem Onlineshop auf die Webseite des Anbieters weitergeleitet. Nach Eingabe aller erforderlichen Daten wird der Kunde abschlie\u00dfend zur\u00fcck in unseren Shop geleitet.<\/li>\n<li>Die \u00dcbermittlung aller Informationen im Zusammenhang mit dem Vertragsschluss erfolgt automatisiert per E-Mail. Der Kunde hat daher sicherzustellen, dass die bei uns hinterlegte E-Mail-Adresse erreichbar ist.<\/li>\n<\/ol>\n<h5>\u00a7 3 Eigentumsvorbehalt und Zur\u00fcckbehaltungsrecht<\/h5>\n<ol>\n<li>Ein Zur\u00fcckbehaltungsrecht kann vom Kunden nur dann ausge\u00fcbt werden, sofern es nicht Forderungen aus selbigem Vertragsverh\u00e4ltnis sind.<\/li>\n<li>Bis zur vollst\u00e4ndigen Zahlung des Kaufpreises bleibt die Ware Eigentum des Shop-Betreibers.<\/li>\n<\/ol>\n<h5>\u00a7 4 Bestimmungen zur Haftung<\/h5>\n<ol>\n<li>F\u00fcr Sch\u00e4den an K\u00f6rper oder der Gesundheit haften wir uneingeschr\u00e4nkt, sowie in F\u00e4llen des Vorsatzes und grober Fahrl\u00e4ssigkeit. Weiterhin bei arglistigem Verschweigen eines Mangels und in allen anderen gesetzlich geregelten F\u00e4llen. Die Haftung f\u00fcr M\u00e4ngel im Rahmen der gesetzlichen Gew\u00e4hrleistung ist der entsprechenden Regelung in unseren Kundeninformationen zu entnehmen.<\/li>\n<li>Sofern wesentliche Vertragspflichten nicht erf\u00fcllt werden, ist die Haftung des Onlineshops bei leichter Fahrl\u00e4ssigkeit auf den vorhersehbaren, vertragstypischen Schaden beschr\u00e4nkt.<\/li>\n<li>Bei der Verletzung unwesentlicher Pflichten die aus dem Vertrag hervorgehen, ist die Haftung bei leicht fahrl\u00e4ssigen Pflichtverletzungen ausgeschlossen.<\/li>\n<li>Es erfolgt keine Haftung f\u00fcr die stetige Verf\u00fcgbarkeit dieser Website und der darauf angebotenen Waren.<\/li>\n<\/ol>\n<h5>\u00a7 5 Rechtswahl<\/h5>\n<ol>\n<li>Es gilt deutsches Recht. Die Bestimmungen des UN-Kaufrechts finden ausdr\u00fccklich keine Anwendung.<\/li>\n<\/ol>\n<h5>\u00a7 6 Vertragssprache, Vertragstextspeicherung<\/h5>\n<ol>\n<li>Vertragssprache ist deutsch.<\/li>\n<li>Der vollst\u00e4ndige Vertragstext wird von uns nicht gespeichert. Kunden k\u00f6nnen dies vor Absenden der Bestellung \u00fcber die Druckfunktion des Browsers elektronisch sichern.<\/li>\n<\/ol>\n<h5>\u00a7 7 Preise und Zahlungsmodalit\u00e4ten Merkmale der Waren<\/h5>\n<ol>\n<li>Die ausgewiesenen Preise sowie die Versandkosten stellen Brutto-Preise dar.<\/li>\n<li>Versandkosten sind nicht im Kaufpreis enthalten. Sie sind explizit gekennzeichnet oder werden im Laufe des Bestellvorganges gesondert ausgewiesen und sind vom Kunden zus\u00e4tzlich zu tragen, soweit nicht eine kostenfreie Lieferung zugesagt ist.<\/li>\n<li>Die zur Verf\u00fcgung stehenden Zahlungsmethoden sind auf unserer Webseite oder in der jeweiligen Artikelbeschreibung ausgewiesen, sp\u00e4testens aber im abschlie\u00dfenden Bestellprozess an der \u201eKasse\u201c genannt. Soweit nicht anders angegeben, sind die Zahlungsanspr\u00fcche aus dem Vertrag unmittelbar zur Zahlung f\u00e4llig.<\/li>\n<li>Die wesentlichen Merkmale der Ware und\/oder Dienstleistung finden sich in der Artikelbeschreibung und den erg\u00e4nzenden Angaben auf unserer Internetseite.<\/li>\n<\/ol>\n<h5>\u00a7 8 Lieferbedingungen<\/h5>\n<ol>\n<li>Lieferbedingungen, Lieferzeit sowie ggf. bestehende Beschr\u00e4nkungen zur Lieferung finden sich unter dem \u00a0entsprechend bezeichneten Link in unserem Onlineshop oder in der jeweiligen Artikelbeschreibung.<\/li>\n<li>F\u00fcr Verbraucher gilt, dass die Gefahr des zuf\u00e4lligen Untergangs oder der Verschlechterung der verkauften Ware w\u00e4hrend der Versendung erst mit der \u00dcbergabe der Ware an den Kunden \u00fcbergeht. Die Regelung gilt unabh\u00e4ngig davon, ob die Versendung versichert oder unversichert erfolgt.<\/li>\n<\/ol>\n<h5>\u00a7 9 Gesetzliches M\u00e4ngelhaftungsrecht<\/h5>\n<ol>\n<li>Die gesetzlichen M\u00e4ngelhaftungsrechte haben bestand.<\/li>\n<li>Verbraucher werden gebeten, die Ware bei Lieferung auf Vollst\u00e4ndigkeit, offensichtliche M\u00e4ngel und Transportsch\u00e4den zu \u00fcberpr\u00fcfen und dem Shop-Betreiber schnellstm\u00f6glich mitzuteilen. Wird dem nicht vom Kunden nachgekommen hat dies keine Auswirkung auf seine gesetzlichen Gew\u00e4hrleistungsanspr\u00fcche.<\/li>\n<\/ol>\n<h5 id=\"streitbeilegungsverfahren\">\u00a7 10 Streitbeilegungsverfahren<\/h5>\n<ol>\n<li>Wir sind nicht bereit oder verpflichtet, an Streitbeilegungsverfahren vor einer Verbraucherschlichtungsstelle teilzunehmen.<\/li>\n<\/ol>\n<p><em>Stand: 01.08.2025<\/em><\/p>\n<\/div><\/div><\/div>\n\t","protected":false},"excerpt":{"rendered":"","protected":false},"author":1,"featured_media":0,"parent":0,"menu_order":0,"comment_status":"closed","ping_status":"closed","template":"","meta":{"_acf_changed":false,"footnotes":""},"class_list":["post-855","page","type-page","status-publish","hentry"],"acf":[],"_links":{"self":[{"href":"https:\/\/www.ernstbrunn-apotheke.at\/katalog\/wp-json\/wp\/v2\/pages\/855","targetHints":{"allow":["GET"]}}],"collection":[{"href":"https:\/\/www.ernstbrunn-apotheke.at\/katalog\/wp-json\/wp\/v2\/pages"}],"about":[{"href":"https:\/\/www.ernstbrunn-apotheke.at\/katalog\/wp-json\/wp\/v2\/types\/page"}],"author":[{"embeddable":true,"href":"https:\/\/www.ernstbrunn-apotheke.at\/katalog\/wp-json\/wp\/v2\/users\/1"}],"replies":[{"embeddable":true,"href":"https:\/\/www.ernstbrunn-apotheke.at\/katalog\/wp-json\/wp\/v2\/comments?post=855"}],"version-history":[{"count":1,"href":"https:\/\/www.ernstbrunn-apotheke.at\/katalog\/wp-json\/wp\/v2\/pages\/855\/revisions"}],"predecessor-version":[{"id":161419,"href":"https:\/\/www.ernstbrunn-apotheke.at\/katalog\/wp-json\/wp\/v2\/pages\/855\/revisions\/161419"}],"wp:attachment":[{"href":"https:\/\/www.ernstbrunn-apotheke.at\/katalog\/wp-json\/wp\/v2\/media?parent=855"}],"curies":[{"name":"wp","href":"https:\/\/api.w.org\/{rel}","templated":true}]}}