{"id":4723,"date":"2024-06-05T15:28:40","date_gmt":"2024-06-05T13:28:40","guid":{"rendered":"https:\/\/dev.everpress.everapps.dev\/?page_id=4723"},"modified":"2025-11-24T08:29:34","modified_gmt":"2025-11-24T07:29:34","slug":"digitale-barrierefreiheit","status":"publish","type":"page","link":"https:\/\/www.ernstbrunn-apotheke.at\/katalog\/digitale-barrierefreiheit\/","title":{"rendered":"Digitale Barrierefreiheit"},"content":{"rendered":"\n\t<div class=\"ep-content-dynamic  bg-light space space-bottom-none\"><div class=\"row   default-start default-top\"><h2 class=\"col align-left\">Erkl\u00e4rung zur digitalen Barrierefreiheit  <span class=\"subline\">Diese Erkl\u00e4rung zur Barrierefreiheit gilt f\u00fcr Apotheke Ernstbrunn Mag. pharm. Scarlat KG <\/span><\/h2><div class=\"col medium-6 \"><p>Wir bem\u00fchen uns, unseren Webauftritt oder seine mobile Anwendung in Einklang mit den nationalen Rechtsvorschriften zur Umsetzung der Richtlinie (EU) 2016\/2102 des Europ\u00e4ischen Parlaments und des Rates barrierefrei zug\u00e4nglich zu machen. Die technischen Anforderungen zur Barrierefreiheit ergeben sich aus der Barrierefreie-Informationstechnik-Verordnung (BITV Barrierefreie-Informationstechnik-Verordnung) 2.0.<\/p>\n<h2 class=\"h4\">Wann wurde die Erkl\u00e4rung zur Barrierefreiheit erstellt?<\/h2>\n<p>Diese Erkl\u00e4rung wurde am 01.07.2024 initial erstellt und wird fortlaufend \u00fcberarbeitet.<\/p>\n<h2 class=\"h4\">Wie barrierefrei ist das Angebot?<\/h2>\n<p>Dieser Webauftritt ist teilweise barrierefrei. Es werden teilweise die Anforderungen der BITV Barrierefreie-Informationstechnik-Verordnung 2.0 erf\u00fcllt.<\/p>\n<h2 class=\"h4\">Welche Bereiche sind nach der aktuellen BITV barrierefrei?<\/h2>\n<ul>\n<li>Gro\u00dfe Schrift. Die Vergr\u00f6\u00dferung der Seitendarstellung mit den g\u00e4ngigen Browsern (zum Beispiel Firefox, Google Chrome, Microsoft Edge, Opera und Apple Safari) erfolgt bei Windows mit \u201eSTRG\u201c und \u201e+\u201c und bei Apple mit \u201ecmd\u201c und \u201e+\u201c sowie \u00fcber das entsprechende Symbol auf der Website.<\/li>\n<li>Kleine Schrift. Die Verkleinerung der Seitendarstellung mit den g\u00e4ngigen Browsern (zum Beispiel Firefox, Google Chrome, Microsoft Edge, Opera und Apple Safari) erfolgt bei Windows mit \u201eSTRG\u201c und \u201e-\u201c und bei Apple mit \u201ecmd\u201c und \u201e-\u201c.<\/li>\n<li>Zur\u00fccksetzen der Schriftgr\u00f6\u00dfe auf 100% mittels Symbol auf der Website.<\/li>\n<li>Responsive Umsetzung der Bildschirminhalte. Die Inhalte des Fensters passen sich der Bildschirmgr\u00f6\u00dfe des Ger\u00e4ts automatisch an.<\/li>\n<li>Browserseitige Vorlesefunktion von Texten<\/li>\n<li>Kontrastierung mittels Button f\u00fcr sehbehinderte Besucher<\/li>\n<li>Untertitelfunktion bei Videos<\/li>\n<\/ul>\n<\/div><div class=\"col medium-6 \"><h2 class=\"h4\">Welche Bereiche sind nach der aktuellen BITV teilweise barrierefrei?<\/h2>\n<ul>\n<li>Dokumente und Formulare<\/li>\n<li>Tabellen<\/li>\n<li>Alternativtexte<\/li>\n<\/ul>\n<h2 class=\"h4\">Welche Bereiche sind nach der aktuellen BITV nicht barrierefrei?<\/h2>\n<ul>\n<li>Barriere: Bedienelemente ohne Alternativtexte<\/li>\n<li>Barriere: Videos ohne Untertitel<\/li>\n<li>Beschreibung: Videos mit Ton verf\u00fcgen nicht \u00fcber die notwendigen Untertitel<\/li>\n<li>Barriere: nicht alle PDF-Dokumente sind barrierefrei<\/li>\n<li>Beschreibung: Neu eingestellte PDF-Dokumente sollen in barrierefreier Version erstellt, \u00e4ltere durch solche ersetzt werden<\/li>\n<li>Barriere: Gliederung der Inhalte<\/li>\n<li>Beschreibung: Durch falsche Formatierung von Texten kann der Lesefluss negativ beeinflusst sein<\/li>\n<li>Barriere: Anderssprachige W\u00f6rter und Abschnitte sind teilweise nicht ausgezeichnet<\/li>\n<\/ul>\n<h2 class=\"h4\">Wen k\u00f6nnen Sie bei Anmerkungen oder Fragen zur digitalen Barrierefreiheit kontaktieren?<\/h2>\n<p>Ihnen sind M\u00e4ngel beim barrierefreien Zugang zu unseren Inhalten aufgefallen? Dann k\u00f6nnen Sie sich gerne bei uns melden. Bitte benutzen Sie daf\u00fcr das untenstehende Kontaktformular auf unserer Webseite.<\/p>\n<\/div><\/div><\/div>\n\t\n\n<div class=\"row space\"><div class=\"col\"><h2 class=\"align-left\">R\u00fcckmeldung zur Barrierefreiheit  <span class=\"subline\"><\/span><\/h2><p>Sind Ihnen M\u00e4ngel beim barrierefreien Zugang zu Inhalten unserer Internetseite aufgefallen, dann f\u00fcllen Sie bitte das Feedback-Formular aus.<\/p>\n<\/div><\/div>","protected":false},"excerpt":{"rendered":"","protected":false},"author":1,"featured_media":0,"parent":0,"menu_order":0,"comment_status":"closed","ping_status":"closed","template":"","meta":{"_acf_changed":false,"footnotes":""},"class_list":["post-4723","page","type-page","status-publish","hentry"],"acf":[],"_links":{"self":[{"href":"https:\/\/www.ernstbrunn-apotheke.at\/katalog\/wp-json\/wp\/v2\/pages\/4723","targetHints":{"allow":["GET"]}}],"collection":[{"href":"https:\/\/www.ernstbrunn-apotheke.at\/katalog\/wp-json\/wp\/v2\/pages"}],"about":[{"href":"https:\/\/www.ernstbrunn-apotheke.at\/katalog\/wp-json\/wp\/v2\/types\/page"}],"author":[{"embeddable":true,"href":"https:\/\/www.ernstbrunn-apotheke.at\/katalog\/wp-json\/wp\/v2\/users\/1"}],"replies":[{"embeddable":true,"href":"https:\/\/www.ernstbrunn-apotheke.at\/katalog\/wp-json\/wp\/v2\/comments?post=4723"}],"version-history":[{"count":1,"href":"https:\/\/www.ernstbrunn-apotheke.at\/katalog\/wp-json\/wp\/v2\/pages\/4723\/revisions"}],"predecessor-version":[{"id":161424,"href":"https:\/\/www.ernstbrunn-apotheke.at\/katalog\/wp-json\/wp\/v2\/pages\/4723\/revisions\/161424"}],"wp:attachment":[{"href":"https:\/\/www.ernstbrunn-apotheke.at\/katalog\/wp-json\/wp\/v2\/media?parent=4723"}],"curies":[{"name":"wp","href":"https:\/\/api.w.org\/{rel}","templated":true}]}}